{"id":40639,"date":"2022-02-26T11:59:58","date_gmt":"2022-02-26T11:59:58","guid":{"rendered":"https:\/\/artzumbur.hr\/?page_id=40639"},"modified":"2023-05-17T14:09:09","modified_gmt":"2023-05-17T14:09:09","slug":"privacy-policy","status":"publish","type":"page","link":"https:\/\/artzumbur.hr\/en\/privacy-policy\/","title":{"rendered":"Politika privatnosti"},"content":{"rendered":"<div data-elementor-type=\"wp-page\" data-elementor-id=\"40639\" class=\"elementor elementor-40639\">\n\t\t\t\t\t\t\t\t\t<section class=\"elementor-section elementor-top-section elementor-element elementor-element-1953fb1f elementor-section-boxed elementor-section-height-default elementor-section-height-default\" data-id=\"1953fb1f\" data-element_type=\"section\">\n\t\t\t\t\t\t<div class=\"elementor-container elementor-column-gap-default\">\n\t\t\t\t\t<div class=\"elementor-column elementor-col-100 elementor-top-column elementor-element elementor-element-3410022d\" data-id=\"3410022d\" data-element_type=\"column\">\n\t\t\t<div class=\"elementor-widget-wrap elementor-element-populated\">\n\t\t\t\t\t\t\t\t<div class=\"elementor-element elementor-element-63253d9f elementor-widget elementor-widget-text-editor\" data-id=\"63253d9f\" data-element_type=\"widget\" data-widget_type=\"text-editor.default\">\n\t\t\t\t<div class=\"elementor-widget-container\">\n\t\t\t\t\t\t\t<p><!-- wp:paragraph --><\/p>\n<h1 lang=\"hr-HR\" class=\"western\">Za\u0161tita osobnih podataka i\npolitika&nbsp;privatnosti<\/h1><p lang=\"hr-HR\" class=\"western\">Sukladno s Op\u0107om uredbom o za\u0161titi\npodataka (GDPR) koja nastupa 25. svibnja 2018. a\u017eurirali smo pravila\no&nbsp;privatnosti.<\/p><p lang=\"hr-HR\" class=\"western\">Art zumbur se obvezuje \u0161tititi\nosobne podatke Kupaca u skladu sa Zakonom o provedbi Op\u0107e uredbe o\nza\u0161titi podataka.<br>\nPolitika privatnosti se primjenjuje na sve\nosobne podatke korisnika koje prikupljamo i obra\u0111ujemo, izravno ili\nputem svojih partnera. Osobni podatak je svaki podatak koji se odnosi\nna fizi\u010dku osobu \u010diji je identitet utvr\u0111en ili se mo\u017ee utvrditi,\nizravno ili neizravno. Obrada podataka je bilo koja radnja izvr\u0161ena\nna osobnim podacima, poput primjerice prikupljanja, pohrane,\nupotrebe, uvida i prijenosa osobnih podataka. Ova Politika se ne\nprimjenjuje na anonimne podatke. Anonimni podatak je podatak koji se\nne mo\u017ee povezati s odre\u0111enom fizi\u010dkom osobom.<\/p><p lang=\"hr-HR\" class=\"western\">Va\u0161e osobne podatke koristimo\nprilikom obrade i realizacije narud\u017ebe i kod obrade pla\u0107anja. Va\u0161e\nosobne podatke (ime, prezime, adresu, e-mail adresu i broj mobitela)\ndijelimo s dostavnim slu\u017ebama GLS, DPD i HP kako bi oni mogli\nizvr\u0161iti dostavu naru\u010denih proizvoda. Va\u0161i osobni podaci za\u0161ti\u0107eni\nsu ugovorom kojeg imamo s dostavnom slu\u017ebom i ne\u0107e se\nupotrebljavati ni za \u0161to drugo osim za izvr\u0161avanje dostave paketa.\n<br>\nAko se ne sla\u017eete s ovim uvjetom kao i ostalim uvjetima kupnje\nmolimo Vas da ne koristite Art zumbur Internet trgovinu.<\/p><p lang=\"hr-HR\" class=\"western\">Kupac u svakom trenutku mo\u017ee\nizjaviti prigovor na obradu svojih osobnih podataka na temelju svoje\nspecifi\u010dne situacije. Kupac ima pravo zatra\u017eiti nadopunu, ispravak\nili izmjenu neto\u010dnih osobnih podataka. Kupac mo\u017ee u svakom trenutku\nzatra\u017eiti brisanje osobnih podataka.<br>\nOd ovog se izuzimaju\nslu\u010dajevi u kojima je Prodavatelj po valjanom nalogu ovla\u0161tenih\ndr\u017eavnih tijela, u skladu sa zakonom, du\u017ean dostaviti ili dopustiti\nuvid u osobne podatke Kupaca.<\/p><p lang=\"hr-HR\" class=\"western\">Podatke mo\u017eemo primati i izravnim\nkontaktom od kupaca koji nam se obrate za informacije o proizvodima i\nuslugama:<br>\n&#8211; putem obrasca na internetskoj stranici\nwww.artzumbur.hr<br>\n&#8211; direktno mailom<br>\n&#8211; telefonskim pozivom<br>\n&#8211;\nu\u017eivo u poslovnici tvrtke<\/p><p lang=\"hr-HR\" class=\"western\">Tako prikupljene podatke koristimo\nsamo za obradu tra\u017eenih informacija i upita korisnika te u svrhu\nosiguravanja kvalitetnog korisni\u010dkog iskustva. Kupci i korisnici\ninternetske stranice www.artzumbur.hr suglasni su da u skladu sa\nZakonom o provedbi Op\u0107e uredbe o za\u0161titi podataka te u skladu s\ntra\u017eenim upitom obra\u0111ujemo osobne podatke.<\/p><p lang=\"hr-HR\" class=\"western\">Zahtjeve za pristup, ispravljanje ili\nbrisanje podataka mo\u017eete uputiti na:<br>\n<font color=\"#000080\"><span lang=\"zxx\"><u><a href=\"mailto:info@chemaco.hr\">info@artzumbur.hr<\/a><\/u><\/span><\/font>\nili na adresu Art zumbur d.o.o., Andrije Hebranga 13, 10000 Zagreb,\nHrvatska.<\/p><p lang=\"hr-HR\" class=\"western\">Sigurnost va\u0161ih podataka osiguravamo\novim mjerama:<br>\n\u2022 strogo ograni\u010den pristup osobnim podacima<br>\n\u2022\nkori\u0161tenje podataka isklju\u010divo u skladu s legitimnim interesom,\nugovornom obavezom ili danom privolom Kupca<br>\n\u2022 sigurnosni\nprijenos podataka<br>\n\u2022 postavljanje antivirusnih programa i\nvatrozida na IT sustave u svrhu detekcije, sprje\u010davanja zloupotrebe\nosobnih podataka i neovla\u0161tenog pristupa podacima.<\/p><p lang=\"hr-HR\" class=\"western\"><strong>Newsletter<\/strong><\/p><p lang=\"hr-HR\" class=\"western\">Kada se upi\u0161ete na Art zumbur\nnewsletter, dajete nam dopu\u0161tenje da Vas isklju\u010divo putem\nelektroni\u010dke po\u0161te kontaktiramo u marketin\u0161ke svrhe ili\nobavijestimo o doga\u0111ajima u trgovinama. Suglasnost koju ste nam\nudijelili mo\u017eete u svakom trenutku opozvati na email\n<font color=\"#000080\"><span lang=\"zxx\"><u><a href=\"mailto:info@chemaco.hr\">info@artzumbur.hr<\/a><\/u><\/span><\/font>.\nTako\u0111er, s newsletter liste mo\u017eete se ispisati na dnu svakog\nposlanog newslettera kao i javljanjem na e-mail <font color=\"#000080\"><span lang=\"zxx\"><u><a href=\"mailto:info@chemaco.hr\">info@artzumbur.hr<\/a><\/u><\/span><\/font>.<\/p><p lang=\"hr-HR\" class=\"western\"><strong>Koliko dugo zadr\u017eavamo va\u0161e\nosobne podatke?<\/strong><\/p><p lang=\"hr-HR\" class=\"western\">Osobne podatke pohranjujemo i\nobra\u0111ujemo onoliko dugo koliko je potrebno za izvr\u0161enje odre\u0111ene\nlegitimne svrhe, osim ako va\u017ee\u0107im propisima nije za pojedinu svrhu\npredvi\u0111eno du\u017ee vrijeme \u010duvanja, a najmanje za vrijeme trajanja\nugovora izme\u0111u korisnika i Art zumbur d.o.o.. U slu\u010daju davanja\nprivole za marketing, podatke \u010duvamo onoliko dugo dok se privola ne\npovu\u010de. U slu\u010daju odbijenih ponuda, gdje nije dana privola za\nmarketing, podatke vezane uz ponudu \u010duvamo godinu dana, a u slu\u010daju\nda nas zatra\u017eite brisanje, isti \u0107e biti odmah obrisani. Osobni\npodaci koji vi\u0161e nisu potrebni ili korisnik zatra\u017ei njihovo\nbrisanje uni\u0161tavaju se na siguran na\u010din. Google Analytics \u010duva\npodatke u trajanju od 26 mjeseci, a podaci se koriste isklju\u010divo za\npra\u0107enje statistika posje\u0107enosti internetske stranice.<\/p><p lang=\"hr-HR\" class=\"western\"><a name=\"article_cookies\"><\/a><strong>Politika\nkola\u010di\u0107a<\/strong><\/p><p lang=\"hr-HR\" class=\"western\">Kako bi internetske stranice Art\nzumbur.hr ispravno radile, one moraju na ra\u010dunalo korisnika spremiti\nmalenu koli\u010dinu informacija (kola\u010di\u0107i &#8211; Cookies). Kori\u0161tenjem web\nstranice www.artzumbur.hr korisnik pristaje na upotrebu\nkola\u010di\u0107a.<br>\nKorisnik isklju\u010divanjem kola\u010di\u0107a odlu\u010duje ho\u0107e\nli dopustiti pohranjivanje kola\u010di\u0107a na svom ra\u010dunalu. Postavke\nkola\u010di\u0107a mogu se kontrolirati i konfigurirati u web pregledniku\nkoji korisnik koristi za pregledavanje web stranica. Ukoliko korisnik\nonemogu\u0107i kola\u010di\u0107e postoji mogu\u0107nost da stranica ne\u0107e mo\u0107i\nkoristiti neke od funkcionalnosti.<br>\nKola\u010di\u0107 dozvoljava web\nstranici da pamti akcije posjetitelja iz njegovih posjeta. Ve\u0107ina\npreglednika dozvoljava upotrebu kola\u010di\u0107a, ali korisnik u svakom\ntrenutku mo\u017ee kola\u010di\u0107e obrisati ili postaviti u pregledniku\nzabranu upotrebe kola\u010di\u0107a. Naj\u010de\u0161\u0107e razlozi upotrebe kola\u010di\u0107a\nsu identifikacija korisnika, pam\u0107enje preferencija korisnika, pomo\u0107\npri unosu ili pregledu sadr\u017eaja koji je ve\u0107 una\u0161an u prija\u0161njim\nposjetima, skupljanje podataka za analize i promotivne\nkampanje.<br>\nPrilikom uporabe kola\u010di\u0107a odre\u0111eni podaci se\nprikupljaju automatski s va\u0161eg ra\u010dunala pri dolasku na na\u0161e\nstranice. Ti podaci mogu uklju\u010divati i IP adresu, datum i vrijeme\npristupa, podatke o vrsti ra\u010dunala, operativnog sustava,\npretra\u017eiva\u010du koji koristite, verzijama programa kao i jezi\u010dnim\npostavkama va\u0161eg ra\u010dunala.<\/p><p lang=\"hr-HR\" class=\"western\">Postoje tri razli\u010dite vrste\nkola\u010di\u0107a:<br>\nSesijski ili privremeni kola\u010di\u0107i (Session) &#8211; ovi\nkola\u010di\u0107i nestaju kada zatvorite Internet preglednik ili kada du\u017ee\nvrijeme na stranici ostanete neaktivni. Kori\u0161tenje ovih kola\u010di\u0107a\nomogu\u0107uje pristup sadr\u017eaju.<br>\nTrajni (Permanent) kola\u010di\u0107i &#8211;\noni na Va\u0161em ra\u010dunalu ostaju i nakon \u0161to zatvorite Internet\npreglednik. Art zumbur koristi ove kola\u010di\u0107e kako bi olak\u0161ao\npristup registriranim korisnicima. Ovi kola\u010di\u0107i pohranjuju podatke\nza registraciju kako ne biste svaki put kada posjetite na\u0161u stranicu\nmorali upisivati osobne podatke.<br>\nKola\u010di\u0107i tre\u0107e strane\n(Third-party) &#8211; Art zumbur koristi kola\u010di\u0107e alata Google Analytics\nkako bi analizirao pona\u0161anje korisnika stranice.<\/p><p>\n\n\n\n\n\n\n\n\n\n\n\n\n\n\n\n<\/p><p lang=\"hr-HR\" class=\"western\" style=\"margin-bottom: 0cm; line-height: 100%\">\n<br>\n\n<\/p>\n<p><!-- \/wp:paragraph --><\/p>\t\t\t\t\t\t<\/div>\n\t\t\t\t<\/div>\n\t\t\t\t\t<\/div>\n\t\t<\/div>\n\t\t\t\t\t\t\t<\/div>\n\t\t<\/section>\n\t\t\t\t\t\t\t<\/div>","protected":false},"excerpt":{"rendered":"<p>Za\u0161tita osobnih podataka i politika&nbsp;privatnosti Sukladno s Op\u0107om uredbom o za\u0161titi podataka (GDPR) koja nastupa 25. svibnja 2018. a\u017eurirali smo pravila o&nbsp;privatnosti. Art zumbur se obvezuje \u0161tititi osobne podatke Kupaca u skladu sa Zakonom o provedbi Op\u0107e uredbe o za\u0161titi podataka. Politika privatnosti se primjenjuje na sve osobne podatke korisnika koje prikupljamo i obra\u0111ujemo, izravno&hellip;<\/p>","protected":false},"author":1,"featured_media":0,"parent":0,"menu_order":0,"comment_status":"closed","ping_status":"closed","template":"elementor_header_footer","meta":[],"_links":{"self":[{"href":"https:\/\/artzumbur.hr\/en\/wp-json\/wp\/v2\/pages\/40639"}],"collection":[{"href":"https:\/\/artzumbur.hr\/en\/wp-json\/wp\/v2\/pages"}],"about":[{"href":"https:\/\/artzumbur.hr\/en\/wp-json\/wp\/v2\/types\/page"}],"author":[{"embeddable":true,"href":"https:\/\/artzumbur.hr\/en\/wp-json\/wp\/v2\/users\/1"}],"replies":[{"embeddable":true,"href":"https:\/\/artzumbur.hr\/en\/wp-json\/wp\/v2\/comments?post=40639"}],"version-history":[{"count":12,"href":"https:\/\/artzumbur.hr\/en\/wp-json\/wp\/v2\/pages\/40639\/revisions"}],"predecessor-version":[{"id":42698,"href":"https:\/\/artzumbur.hr\/en\/wp-json\/wp\/v2\/pages\/40639\/revisions\/42698"}],"wp:attachment":[{"href":"https:\/\/artzumbur.hr\/en\/wp-json\/wp\/v2\/media?parent=40639"}],"curies":[{"name":"wp","href":"https:\/\/api.w.org\/{rel}","templated":true}]}}