{"id":40045,"date":"2022-01-27T12:18:06","date_gmt":"2022-01-27T12:18:06","guid":{"rendered":"https:\/\/artzumbur.hr\/?post_type=product&#038;p=40045"},"modified":"2023-05-11T18:48:47","modified_gmt":"2023-05-11T18:48:47","slug":"short-handle-brush-wn-cotman-series-777-clear","status":"publish","type":"product","link":"https:\/\/artzumbur.hr\/en\/product\/short-handle-brush-wn-cotman-series-777-clear\/","title":{"rendered":"Short handle brush &#8211; W&#038;N COTMAN SERIES 777 clear"},"content":{"rendered":"<div data-elementor-type=\"product-post\" data-elementor-id=\"40045\" class=\"elementor elementor-40045\">\n\t\t\t\t\t\t\t\t\t<section class=\"elementor-section elementor-top-section elementor-element elementor-element-59482ae elementor-section-boxed elementor-section-height-default elementor-section-height-default\" data-id=\"59482ae\" data-element_type=\"section\">\n\t\t\t\t\t\t<div class=\"elementor-container elementor-column-gap-wide\">\n\t\t\t\t\t<div class=\"elementor-column elementor-col-100 elementor-top-column elementor-element elementor-element-86897f5\" data-id=\"86897f5\" data-element_type=\"column\">\n\t\t\t<div class=\"elementor-widget-wrap elementor-element-populated\">\n\t\t\t\t\t\t\t\t<div class=\"elementor-element elementor-element-2e8aba4 elementor-widget elementor-widget-the7-accordion\" data-id=\"2e8aba4\" data-element_type=\"widget\" data-widget_type=\"the7-accordion.default\">\n\t\t\t\t<div class=\"elementor-widget-container\">\n\t\t\t\t\t<div class=\"elementor-accordion the7-adv-accordion ac_bb_active_title ac_left_right_borders\" data-accordion-type=\"accordion\" role=\"tablist\">\n\t\t\t\t\t\t\t<div class=\"elementor-accordion-item\">\n\t\t\t\t\t<h4 id=\"elementor-tab-title-4881\" class=\"elementor-tab-title the7-accordion-header deactive-default\" data-tab=\"1\" role=\"tab\" aria-controls=\"elementor-tab-content-4881\">\n\n\t\t\t\t\t\t\t\t\t\t\t\t\t<span class=\"elementor-accordion-icon elementor-accordion-icon-right\" aria-hidden=\"true\">\n\t\t\t\t\t\t\t\t\t\t\t\t\t\t\t<span class=\"elementor-accordion-icon-closed\"><i class=\"fas fa-caret-down\"><\/i><\/span>\n\t\t\t\t\t\t\t\t\t\t\t\t\t\t\t\t\t<span class=\"elementor-accordion-icon-opened\"><i class=\"fas fa-caret-up\"><\/i><\/span>\n\t\t\t\t\t\t\t\t\t\t\t\t\t\t\t\t\t\t\t\t\t\t<\/span>\n\t\t\t\t\t\t\t\t\t\t\t\t\t\t\t\t\t\t<a class=\"elementor-accordion-title\" href=\"\">Size &amp; fit<\/a>\n\t\t\t\t\t<\/h4>\n\t\t\t\t\t<div id=\"elementor-tab-content-4881\" class=\"elementor-tab-content elementor-clearfix deactive-default\" data-tab=\"1\" role=\"tabpanel\" aria-labelledby=\"elementor-tab-title-4881\"><ul><li>Fits true to size, take your normal size<\/li><li>Intended for a slim fit<\/li><li>Lightweight knit<\/li><li>Model is 175cm\/ 5\u201911\u201d and is wearing a size Small<\/li><\/ul><\/div>\n\t\t\t\t<\/div>\n\t\t\t\t\t\t\t<div class=\"elementor-accordion-item\">\n\t\t\t\t\t<h4 id=\"elementor-tab-title-4882\" class=\"elementor-tab-title the7-accordion-header\" data-tab=\"2\" role=\"tab\" aria-controls=\"elementor-tab-content-4882\">\n\n\t\t\t\t\t\t\t\t\t\t\t\t\t<span class=\"elementor-accordion-icon elementor-accordion-icon-right\" aria-hidden=\"true\">\n\t\t\t\t\t\t\t\t\t\t\t\t\t\t\t<span class=\"elementor-accordion-icon-closed\"><i class=\"fas fa-caret-down\"><\/i><\/span>\n\t\t\t\t\t\t\t\t\t\t\t\t\t\t\t\t\t<span class=\"elementor-accordion-icon-opened\"><i class=\"fas fa-caret-up\"><\/i><\/span>\n\t\t\t\t\t\t\t\t\t\t\t\t\t\t\t\t\t\t\t\t\t\t<\/span>\n\t\t\t\t\t\t\t\t\t\t\t\t\t\t\t\t\t\t<a class=\"elementor-accordion-title\" href=\"\">Details &amp; care<\/a>\n\t\t\t\t\t<\/h4>\n\t\t\t\t\t<div id=\"elementor-tab-content-4882\" class=\"elementor-tab-content elementor-clearfix\" data-tab=\"2\" role=\"tabpanel\" aria-labelledby=\"elementor-tab-title-4882\"><ul>\n \t<li>100% wool<\/li>\n \t<li>Dry clean<\/li>\n \t<li>Made in Italy<\/li>\n<\/ul><\/div>\n\t\t\t\t<\/div>\n\t\t\t\t\t\t\t<div class=\"elementor-accordion-item\">\n\t\t\t\t\t<h4 id=\"elementor-tab-title-4883\" class=\"elementor-tab-title the7-accordion-header\" data-tab=\"3\" role=\"tab\" aria-controls=\"elementor-tab-content-4883\">\n\n\t\t\t\t\t\t\t\t\t\t\t\t\t<span class=\"elementor-accordion-icon elementor-accordion-icon-right\" aria-hidden=\"true\">\n\t\t\t\t\t\t\t\t\t\t\t\t\t\t\t<span class=\"elementor-accordion-icon-closed\"><i class=\"fas fa-caret-down\"><\/i><\/span>\n\t\t\t\t\t\t\t\t\t\t\t\t\t\t\t\t\t<span class=\"elementor-accordion-icon-opened\"><i class=\"fas fa-caret-up\"><\/i><\/span>\n\t\t\t\t\t\t\t\t\t\t\t\t\t\t\t\t\t\t\t\t\t\t<\/span>\n\t\t\t\t\t\t\t\t\t\t\t\t\t\t\t\t\t\t<a class=\"elementor-accordion-title\" href=\"\">Editor's notes<\/a>\n\t\t\t\t\t<\/h4>\n\t\t\t\t\t<div id=\"elementor-tab-content-4883\" class=\"elementor-tab-content elementor-clearfix\" data-tab=\"3\" role=\"tabpanel\" aria-labelledby=\"elementor-tab-title-4883\"><p>Duis pharetra pharetra elit in vulputate. Donec in libero convallis. Sed vulputate varius enim nec suscipit. Maecenas mattis ipsum sed ex lobortis ultricies. Nullam maximus pharetra aliquam. Curabitur rhoncus faucibus magna. Sed at ligula convallis, porttitor lectus sit amet.<\/p><\/div>\n\t\t\t\t<\/div>\n\t\t\t\t\t\t\t<div class=\"elementor-accordion-item\">\n\t\t\t\t\t<h4 id=\"elementor-tab-title-4884\" class=\"elementor-tab-title the7-accordion-header\" data-tab=\"4\" role=\"tab\" aria-controls=\"elementor-tab-content-4884\">\n\n\t\t\t\t\t\t\t\t\t\t\t\t\t<span class=\"elementor-accordion-icon elementor-accordion-icon-right\" aria-hidden=\"true\">\n\t\t\t\t\t\t\t\t\t\t\t\t\t\t\t<span class=\"elementor-accordion-icon-closed\"><i class=\"fas fa-caret-down\"><\/i><\/span>\n\t\t\t\t\t\t\t\t\t\t\t\t\t\t\t\t\t<span class=\"elementor-accordion-icon-opened\"><i class=\"fas fa-caret-up\"><\/i><\/span>\n\t\t\t\t\t\t\t\t\t\t\t\t\t\t\t\t\t\t\t\t\t\t<\/span>\n\t\t\t\t\t\t\t\t\t\t\t\t\t\t\t\t\t\t<a class=\"elementor-accordion-title\" href=\"\">Delivery &amp; returns<\/a>\n\t\t\t\t\t<\/h4>\n\t\t\t\t\t<div id=\"elementor-tab-content-4884\" class=\"elementor-tab-content elementor-clearfix\" data-tab=\"4\" role=\"tabpanel\" aria-labelledby=\"elementor-tab-title-4884\"><p>Sed vulputate varius enim nec suscipit. Maecenas mattis ipsum sed ex lobortis ultricies. Curabitur rhoncus faucibus magna. Sed at ligula convallis, porttitor lectus sit amet.<\/p><\/div>\n\t\t\t\t<\/div>\n\t\t\t\t\t<\/div>\n\t\t\t\t<\/div>\n\t\t\t\t<\/div>\n\t\t\t\t\t<\/div>\n\t\t<\/div>\n\t\t\t\t\t\t\t<\/div>\n\t\t<\/section>\n\t\t\t\t\t\t\t<\/div>","protected":false},"excerpt":{"rendered":"<pre class=\"western\">Plosnati kist najbolji je za\r\nkori\u0161tenje s akvarelnim bojama - za ispunjavanje  povr\u0161ina, izradu\r\nrubova ili oblika<\/pre>\n<pre class=\"western\">Izra\u0111ena od finih kvalitetnih\r\nmije\u0161anih sinteti\u010dkih vlakana razli\u010ditih debljina.<\/pre>\n<pre class=\"western\">Mekana vlakna s dobrom kontrolom\r\nprotoka vode, izvrsnom nosivo\u0161\u0107u boje.<\/pre>\n<pre class=\"western\">Sna\u017ean, otporan i izdr\u017eljiv.<\/pre>\n<pre class=\"western\">Jednostavan za \u010di\u0161\u0107enje<\/pre>\n<pre class=\"western\">Kistovi imaju prozirne ru\u010dke sa zako\u0161enim krajevima, koje se mogu koristiti\r\nza poliranje, struganje ili kao paletni no\u017e.<\/pre>","protected":false},"featured_media":40036,"comment_status":"open","ping_status":"closed","template":"","meta":[],"product_cat":[222,223],"product_tag":[],"_links":{"self":[{"href":"https:\/\/artzumbur.hr\/en\/wp-json\/wp\/v2\/product\/40045"}],"collection":[{"href":"https:\/\/artzumbur.hr\/en\/wp-json\/wp\/v2\/product"}],"about":[{"href":"https:\/\/artzumbur.hr\/en\/wp-json\/wp\/v2\/types\/product"}],"replies":[{"embeddable":true,"href":"https:\/\/artzumbur.hr\/en\/wp-json\/wp\/v2\/comments?post=40045"}],"version-history":[{"count":2,"href":"https:\/\/artzumbur.hr\/en\/wp-json\/wp\/v2\/product\/40045\/revisions"}],"predecessor-version":[{"id":42008,"href":"https:\/\/artzumbur.hr\/en\/wp-json\/wp\/v2\/product\/40045\/revisions\/42008"}],"wp:featuredmedia":[{"embeddable":true,"href":"https:\/\/artzumbur.hr\/en\/wp-json\/wp\/v2\/media\/40036"}],"wp:attachment":[{"href":"https:\/\/artzumbur.hr\/en\/wp-json\/wp\/v2\/media?parent=40045"}],"wp:term":[{"taxonomy":"product_cat","embeddable":true,"href":"https:\/\/artzumbur.hr\/en\/wp-json\/wp\/v2\/product_cat?post=40045"},{"taxonomy":"product_tag","embeddable":true,"href":"https:\/\/artzumbur.hr\/en\/wp-json\/wp\/v2\/product_tag?post=40045"}],"curies":[{"name":"wp","href":"https:\/\/api.w.org\/{rel}","templated":true}]}}