{"id":40081,"date":"2022-01-28T08:46:31","date_gmt":"2022-01-28T08:46:31","guid":{"rendered":"https:\/\/artzumbur.hr\/?post_type=product&#038;p=40081"},"modified":"2023-05-11T18:23:00","modified_gmt":"2023-05-11T18:23:00","slug":"akvarel-wn-watercolor-water-colour-medium-75ml-art-masking-fluid","status":"publish","type":"product","link":"https:\/\/artzumbur.hr\/en\/product\/akvarel-wn-watercolor-water-colour-medium-75ml-art-masking-fluid\/","title":{"rendered":"Akvarel &#8211; W&#038;N watercolor WATER COLOUR MEDIUM 75ML ART MASKING FLUID"},"content":{"rendered":"<div data-elementor-type=\"product-post\" data-elementor-id=\"40081\" class=\"elementor elementor-40081\">\n\t\t\t\t\t\t\t\t\t<section class=\"elementor-section elementor-top-section elementor-element elementor-element-59482ae elementor-section-boxed elementor-section-height-default elementor-section-height-default\" data-id=\"59482ae\" data-element_type=\"section\">\n\t\t\t\t\t\t<div class=\"elementor-container elementor-column-gap-wide\">\n\t\t\t\t\t<div class=\"elementor-column elementor-col-100 elementor-top-column elementor-element elementor-element-86897f5\" data-id=\"86897f5\" data-element_type=\"column\">\n\t\t\t<div class=\"elementor-widget-wrap elementor-element-populated\">\n\t\t\t\t\t\t\t\t<div class=\"elementor-element elementor-element-2e8aba4 elementor-widget elementor-widget-the7-accordion\" data-id=\"2e8aba4\" data-element_type=\"widget\" data-widget_type=\"the7-accordion.default\">\n\t\t\t\t<div class=\"elementor-widget-container\">\n\t\t\t\t\t<div class=\"elementor-accordion the7-adv-accordion ac_bb_active_title ac_left_right_borders\" data-accordion-type=\"accordion\" role=\"tablist\">\n\t\t\t\t\t\t\t<div class=\"elementor-accordion-item\">\n\t\t\t\t\t<h4 id=\"elementor-tab-title-4881\" class=\"elementor-tab-title the7-accordion-header deactive-default\" data-tab=\"1\" role=\"tab\" aria-controls=\"elementor-tab-content-4881\">\n\n\t\t\t\t\t\t\t\t\t\t\t\t\t<span class=\"elementor-accordion-icon elementor-accordion-icon-right\" aria-hidden=\"true\">\n\t\t\t\t\t\t\t\t\t\t\t\t\t\t\t<span class=\"elementor-accordion-icon-closed\"><i class=\"fas fa-caret-down\"><\/i><\/span>\n\t\t\t\t\t\t\t\t\t\t\t\t\t\t\t\t\t<span class=\"elementor-accordion-icon-opened\"><i class=\"fas fa-caret-up\"><\/i><\/span>\n\t\t\t\t\t\t\t\t\t\t\t\t\t\t\t\t\t\t\t\t\t\t<\/span>\n\t\t\t\t\t\t\t\t\t\t\t\t\t\t\t\t\t\t<a class=\"elementor-accordion-title\" href=\"\">Opis proizvoda<\/a>\n\t\t\t\t\t<\/h4>\n\t\t\t\t\t<div id=\"elementor-tab-content-4881\" class=\"elementor-tab-content elementor-clearfix deactive-default\" data-tab=\"1\" role=\"tabpanel\" aria-labelledby=\"elementor-tab-title-4881\"><ul><li><p><span style=\"font-family: Open Sans, sans-serif;\"><span style=\"font-size: small;\">Pigmentirana teku\u0107ina sastavljena od gumenog lateksa i pigmenta.<\/span><\/span><\/p><\/li><li><p><span style=\"font-family: Open Sans, sans-serif;\"><span style=\"font-size: small;\">Koristi se za maskiranje podru\u010dja rada kod kojih je potrebna za\u0161tita pri ponovnom nano\u0161enju boje.<\/span><\/span><\/p><\/li><li><p><span style=\"font-family: Open Sans, sans-serif;\"><span style=\"font-size: small;\">Ne koristiti na vla\u017enom ili mekanom papiru. <\/span><\/span><\/p><\/li><li><p><span style=\"font-family: Open Sans, sans-serif;\"><span style=\"font-size: small;\">Ukloniti \u0161to prije mogu\u0107e nakon apliciranja.<\/span><\/span><\/p><\/li><li><p><span style=\"font-family: Open Sans, sans-serif;\"><span style=\"font-size: small;\">Kistovi se mogu \u010distiti u vodi odmah nakon kori\u0161tenja.<\/span><\/span><\/p><\/li><\/ul><\/div>\n\t\t\t\t<\/div>\n\t\t\t\t\t<\/div>\n\t\t\t\t<\/div>\n\t\t\t\t<\/div>\n\t\t\t\t\t<\/div>\n\t\t<\/div>\n\t\t\t\t\t\t\t<\/div>\n\t\t<\/section>\n\t\t\t\t<section class=\"elementor-section elementor-top-section elementor-element elementor-element-8e2965e elementor-section-boxed elementor-section-height-default elementor-section-height-default\" data-id=\"8e2965e\" data-element_type=\"section\">\n\t\t\t\t\t\t<div class=\"elementor-container elementor-column-gap-default\">\n\t\t\t\t\t<div class=\"elementor-column elementor-col-100 elementor-top-column elementor-element elementor-element-a677cfc\" data-id=\"a677cfc\" data-element_type=\"column\">\n\t\t\t<div class=\"elementor-widget-wrap elementor-element-populated\">\n\t\t\t\t\t\t\t\t<div class=\"elementor-element elementor-element-34278e3 elementor-widget elementor-widget-image\" data-id=\"34278e3\" data-element_type=\"widget\" data-widget_type=\"image.default\">\n\t\t\t\t<div class=\"elementor-widget-container\">\n\t\t\t\t\t\t\t\t\t\t\t\t\t\t\t<img decoding=\"async\" width=\"173\" height=\"300\" src=\"https:\/\/i0.wp.com\/artzumbur.hr\/wp-content\/uploads\/2022\/01\/884955017326-WN-WATER-COLOUR-MEDIUM-75ML-ART-MASKING-FLUID.jpg?resize=173%2C300&#038;ssl=1\" class=\"attachment-medium size-medium wp-image-40082\" alt=\"art masking fluid\" srcset=\"https:\/\/i0.wp.com\/artzumbur.hr\/wp-content\/uploads\/2022\/01\/884955017326-WN-WATER-COLOUR-MEDIUM-75ML-ART-MASKING-FLUID-e1643372419609.jpg?resize=173%2C300&amp;ssl=1 173w, https:\/\/i0.wp.com\/artzumbur.hr\/wp-content\/uploads\/2022\/01\/884955017326-WN-WATER-COLOUR-MEDIUM-75ML-ART-MASKING-FLUID-e1643372419609.jpg?resize=592%2C1024&amp;ssl=1 592w, https:\/\/i0.wp.com\/artzumbur.hr\/wp-content\/uploads\/2022\/01\/884955017326-WN-WATER-COLOUR-MEDIUM-75ML-ART-MASKING-FLUID-e1643372419609.jpg?resize=768%2C1329&amp;ssl=1 768w, https:\/\/i0.wp.com\/artzumbur.hr\/wp-content\/uploads\/2022\/01\/884955017326-WN-WATER-COLOUR-MEDIUM-75ML-ART-MASKING-FLUID-e1643372419609.jpg?resize=887%2C1536&amp;ssl=1 887w, https:\/\/i0.wp.com\/artzumbur.hr\/wp-content\/uploads\/2022\/01\/884955017326-WN-WATER-COLOUR-MEDIUM-75ML-ART-MASKING-FLUID-e1643372419609.jpg?w=300&amp;ssl=1 300w\" sizes=\"(max-width: 173px) 100vw, 173px\" data-recalc-dims=\"1\" \/>\t\t\t\t\t\t\t\t\t\t\t\t\t\t\t<\/div>\n\t\t\t\t<\/div>\n\t\t\t\t\t<\/div>\n\t\t<\/div>\n\t\t\t\t\t\t\t<\/div>\n\t\t<\/section>\n\t\t\t\t\t\t\t<\/div>","protected":false},"excerpt":{"rendered":"<p>Opis proizvoda Pigmentirana teku\u0107ina sastavljena od gumenog lateksa i pigmenta. Koristi se za maskiranje podru\u010dja rada kod kojih je potrebna za\u0161tita pri ponovnom nano\u0161enju boje. Ne koristiti na vla\u017enom ili mekanom papiru. Ukloniti \u0161to prije mogu\u0107e nakon apliciranja. Kistovi se mogu \u010distiti u vodi odmah nakon kori\u0161tenja.<\/p>","protected":false},"featured_media":40082,"comment_status":"open","ping_status":"closed","template":"","meta":[],"product_cat":[284,333],"product_tag":[],"_links":{"self":[{"href":"https:\/\/artzumbur.hr\/en\/wp-json\/wp\/v2\/product\/40081"}],"collection":[{"href":"https:\/\/artzumbur.hr\/en\/wp-json\/wp\/v2\/product"}],"about":[{"href":"https:\/\/artzumbur.hr\/en\/wp-json\/wp\/v2\/types\/product"}],"replies":[{"embeddable":true,"href":"https:\/\/artzumbur.hr\/en\/wp-json\/wp\/v2\/comments?post=40081"}],"version-history":[{"count":9,"href":"https:\/\/artzumbur.hr\/en\/wp-json\/wp\/v2\/product\/40081\/revisions"}],"predecessor-version":[{"id":42388,"href":"https:\/\/artzumbur.hr\/en\/wp-json\/wp\/v2\/product\/40081\/revisions\/42388"}],"wp:featuredmedia":[{"embeddable":true,"href":"https:\/\/artzumbur.hr\/en\/wp-json\/wp\/v2\/media\/40082"}],"wp:attachment":[{"href":"https:\/\/artzumbur.hr\/en\/wp-json\/wp\/v2\/media?parent=40081"}],"wp:term":[{"taxonomy":"product_cat","embeddable":true,"href":"https:\/\/artzumbur.hr\/en\/wp-json\/wp\/v2\/product_cat?post=40081"},{"taxonomy":"product_tag","embeddable":true,"href":"https:\/\/artzumbur.hr\/en\/wp-json\/wp\/v2\/product_tag?post=40081"}],"curies":[{"name":"wp","href":"https:\/\/api.w.org\/{rel}","templated":true}]}}