{"id":40123,"date":"2022-01-28T10:38:45","date_gmt":"2022-01-28T10:38:45","guid":{"rendered":"https:\/\/artzumbur.hr\/?post_type=product&#038;p=40123"},"modified":"2025-05-05T13:50:00","modified_gmt":"2025-05-05T13:50:00","slug":"akvarel-wn-watercolor-medium-75ml-granulation-medium","status":"publish","type":"product","link":"https:\/\/artzumbur.hr\/en\/product\/akvarel-wn-watercolor-medium-75ml-granulation-medium\/","title":{"rendered":"Akvarel &#8211; W&#038;N watercolor MEDIUM 75ML GRANULATION MEDIUM"},"content":{"rendered":"<div data-elementor-type=\"product-post\" data-elementor-id=\"40123\" class=\"elementor elementor-40123\">\n\t\t\t\t\t\t\t\t\t<section class=\"elementor-section elementor-top-section elementor-element elementor-element-59482ae elementor-section-boxed elementor-section-height-default elementor-section-height-default\" data-id=\"59482ae\" data-element_type=\"section\">\n\t\t\t\t\t\t<div class=\"elementor-container elementor-column-gap-wide\">\n\t\t\t\t\t<div class=\"elementor-column elementor-col-100 elementor-top-column elementor-element elementor-element-86897f5\" data-id=\"86897f5\" data-element_type=\"column\">\n\t\t\t<div class=\"elementor-widget-wrap elementor-element-populated\">\n\t\t\t\t\t\t\t\t<div class=\"elementor-element elementor-element-2e8aba4 elementor-widget elementor-widget-the7-accordion\" data-id=\"2e8aba4\" data-element_type=\"widget\" data-widget_type=\"the7-accordion.default\">\n\t\t\t\t<div class=\"elementor-widget-container\">\n\t\t\t\t\t<div class=\"elementor-accordion the7-adv-accordion ac_bb_active_title ac_left_right_borders\" data-accordion-type=\"accordion\" role=\"tablist\">\n\t\t\t\t\t\t\t<div class=\"elementor-accordion-item\">\n\t\t\t\t\t<h4 id=\"elementor-tab-title-4881\" class=\"elementor-tab-title the7-accordion-header deactive-default\" data-tab=\"1\" role=\"tab\" aria-controls=\"elementor-tab-content-4881\">\n\n\t\t\t\t\t\t\t\t\t\t\t\t\t<span class=\"elementor-accordion-icon elementor-accordion-icon-right\" aria-hidden=\"true\">\n\t\t\t\t\t\t\t\t\t\t\t\t\t\t\t<span class=\"elementor-accordion-icon-closed\"><i class=\"fas fa-caret-down\"><\/i><\/span>\n\t\t\t\t\t\t\t\t\t\t\t\t\t\t\t\t\t<span class=\"elementor-accordion-icon-opened\"><i class=\"fas fa-caret-up\"><\/i><\/span>\n\t\t\t\t\t\t\t\t\t\t\t\t\t\t\t\t\t\t\t\t\t\t<\/span>\n\t\t\t\t\t\t\t\t\t\t\t\t\t\t\t\t\t\t<a class=\"elementor-accordion-title\" href=\"\">Opis proizvoda<\/a>\n\t\t\t\t\t<\/h4>\n\t\t\t\t\t<div id=\"elementor-tab-content-4881\" class=\"elementor-tab-content elementor-clearfix deactive-default\" data-tab=\"1\" role=\"tabpanel\" aria-labelledby=\"elementor-tab-title-4881\"><ul><li><p><span style=\"font-family: Open Sans, sans-serif;\"><span style=\"font-size: small;\">Medij koji pove\u0107ava granulaciju boje, daju\u0107i &#8221;flekav&#8221; izgled bojama koje ina\u010de ostavljaju glatki trag (npr. Winsor Blue) ili poja\u010davaju\u0107i efekt kod granuliranih boja (npr. French Ultramarine).<\/span><\/span><\/p><\/li><li><p><span style=\"font-family: Open Sans, sans-serif;\"><span style=\"font-size: small;\">Za najbolji efekt, bogato razrijedite boju samo sa medijem.<\/span><\/span><\/p><\/li><li><p><span style=\"font-family: Open Sans, sans-serif;\"><span style=\"font-size: small;\">Uvijek slikajte horizontalno.<\/span><\/span><\/p><\/li><\/ul><\/div>\n\t\t\t\t<\/div>\n\t\t\t\t\t<\/div>\n\t\t\t\t<\/div>\n\t\t\t\t<\/div>\n\t\t\t\t\t<\/div>\n\t\t<\/div>\n\t\t\t\t\t\t\t<\/div>\n\t\t<\/section>\n\t\t\t\t<section class=\"elementor-section elementor-top-section elementor-element elementor-element-1ef6e66 elementor-section-boxed elementor-section-height-default elementor-section-height-default\" data-id=\"1ef6e66\" data-element_type=\"section\">\n\t\t\t\t\t\t<div class=\"elementor-container elementor-column-gap-default\">\n\t\t\t\t\t<div class=\"elementor-column elementor-col-100 elementor-top-column elementor-element elementor-element-0b6d2f9\" data-id=\"0b6d2f9\" data-element_type=\"column\">\n\t\t\t<div class=\"elementor-widget-wrap elementor-element-populated\">\n\t\t\t\t\t\t\t\t<div class=\"elementor-element elementor-element-a89ccd7 elementor-widget elementor-widget-image\" data-id=\"a89ccd7\" data-element_type=\"widget\" data-widget_type=\"image.default\">\n\t\t\t\t<div class=\"elementor-widget-container\">\n\t\t\t\t\t\t\t\t\t\t\t\t\t\t\t<img decoding=\"async\" width=\"173\" height=\"300\" src=\"https:\/\/i0.wp.com\/artzumbur.hr\/wp-content\/uploads\/2022\/01\/884955017623-WN-WATER-COLOUR-MEDIUM-75ML-GRANULATION-MEDIUM.jpg?resize=173%2C300&#038;ssl=1\" class=\"attachment-medium size-medium wp-image-40085\" alt=\"\" srcset=\"https:\/\/i0.wp.com\/artzumbur.hr\/wp-content\/uploads\/2022\/01\/884955017623-WN-WATER-COLOUR-MEDIUM-75ML-GRANULATION-MEDIUM-e1643372378667.jpg?resize=173%2C300&amp;ssl=1 173w, https:\/\/i0.wp.com\/artzumbur.hr\/wp-content\/uploads\/2022\/01\/884955017623-WN-WATER-COLOUR-MEDIUM-75ML-GRANULATION-MEDIUM-e1643372378667.jpg?resize=592%2C1024&amp;ssl=1 592w, https:\/\/i0.wp.com\/artzumbur.hr\/wp-content\/uploads\/2022\/01\/884955017623-WN-WATER-COLOUR-MEDIUM-75ML-GRANULATION-MEDIUM-e1643372378667.jpg?resize=768%2C1329&amp;ssl=1 768w, https:\/\/i0.wp.com\/artzumbur.hr\/wp-content\/uploads\/2022\/01\/884955017623-WN-WATER-COLOUR-MEDIUM-75ML-GRANULATION-MEDIUM-e1643372378667.jpg?resize=887%2C1536&amp;ssl=1 887w, https:\/\/i0.wp.com\/artzumbur.hr\/wp-content\/uploads\/2022\/01\/884955017623-WN-WATER-COLOUR-MEDIUM-75ML-GRANULATION-MEDIUM-e1643372378667.jpg?w=300&amp;ssl=1 300w\" sizes=\"(max-width: 173px) 100vw, 173px\" data-recalc-dims=\"1\" \/>\t\t\t\t\t\t\t\t\t\t\t\t\t\t\t<\/div>\n\t\t\t\t<\/div>\n\t\t\t\t\t<\/div>\n\t\t<\/div>\n\t\t\t\t\t\t\t<\/div>\n\t\t<\/section>\n\t\t\t\t\t\t\t<\/div>","protected":false},"excerpt":{"rendered":"<p>Size &amp; fit Fits true to size, take your normal size Intended for a slim fit Lightweight knit Model is 175cm\/ 5\u201911\u201d and is wearing a size Small Details &amp; care 100% wool Dry clean Made in Italy Editor&#8217;s notes Duis pharetra pharetra elit in vulputate. Donec in libero convallis. Sed vulputate varius enim nec&hellip;<\/p>","protected":false},"featured_media":40085,"comment_status":"open","ping_status":"closed","template":"","meta":[],"product_cat":[284,333],"product_tag":[],"_links":{"self":[{"href":"https:\/\/artzumbur.hr\/en\/wp-json\/wp\/v2\/product\/40123"}],"collection":[{"href":"https:\/\/artzumbur.hr\/en\/wp-json\/wp\/v2\/product"}],"about":[{"href":"https:\/\/artzumbur.hr\/en\/wp-json\/wp\/v2\/types\/product"}],"replies":[{"embeddable":true,"href":"https:\/\/artzumbur.hr\/en\/wp-json\/wp\/v2\/comments?post=40123"}],"version-history":[{"count":9,"href":"https:\/\/artzumbur.hr\/en\/wp-json\/wp\/v2\/product\/40123\/revisions"}],"predecessor-version":[{"id":40133,"href":"https:\/\/artzumbur.hr\/en\/wp-json\/wp\/v2\/product\/40123\/revisions\/40133"}],"wp:featuredmedia":[{"embeddable":true,"href":"https:\/\/artzumbur.hr\/en\/wp-json\/wp\/v2\/media\/40085"}],"wp:attachment":[{"href":"https:\/\/artzumbur.hr\/en\/wp-json\/wp\/v2\/media?parent=40123"}],"wp:term":[{"taxonomy":"product_cat","embeddable":true,"href":"https:\/\/artzumbur.hr\/en\/wp-json\/wp\/v2\/product_cat?post=40123"},{"taxonomy":"product_tag","embeddable":true,"href":"https:\/\/artzumbur.hr\/en\/wp-json\/wp\/v2\/product_tag?post=40123"}],"curies":[{"name":"wp","href":"https:\/\/api.w.org\/{rel}","templated":true}]}}