{"id":40162,"date":"2022-01-28T11:31:53","date_gmt":"2022-01-28T11:31:53","guid":{"rendered":"https:\/\/artzumbur.hr\/?post_type=product&#038;p=40162"},"modified":"2023-05-13T07:55:49","modified_gmt":"2023-05-13T07:55:49","slug":"akvarel-wn-watercolor-medium-75ml-ox-gall-liquid","status":"publish","type":"product","link":"https:\/\/artzumbur.hr\/en\/product\/akvarel-wn-watercolor-medium-75ml-ox-gall-liquid\/","title":{"rendered":"Akvarel &#8211; W&#038;N watercolor MEDIUM 75ML OX GALL LIQUID"},"content":{"rendered":"<div data-elementor-type=\"product-post\" data-elementor-id=\"40162\" class=\"elementor elementor-40162\">\n\t\t\t\t\t\t\t\t\t<section class=\"elementor-section elementor-top-section elementor-element elementor-element-59482ae elementor-section-boxed elementor-section-height-default elementor-section-height-default\" data-id=\"59482ae\" data-element_type=\"section\">\n\t\t\t\t\t\t<div class=\"elementor-container elementor-column-gap-wide\">\n\t\t\t\t\t<div class=\"elementor-column elementor-col-100 elementor-top-column elementor-element elementor-element-86897f5\" data-id=\"86897f5\" data-element_type=\"column\">\n\t\t\t<div class=\"elementor-widget-wrap elementor-element-populated\">\n\t\t\t\t\t\t\t\t<div class=\"elementor-element elementor-element-2e8aba4 elementor-widget elementor-widget-the7-accordion\" data-id=\"2e8aba4\" data-element_type=\"widget\" data-widget_type=\"the7-accordion.default\">\n\t\t\t\t<div class=\"elementor-widget-container\">\n\t\t\t\t\t<div class=\"elementor-accordion the7-adv-accordion ac_bb_active_title ac_left_right_borders\" data-accordion-type=\"accordion\" role=\"tablist\">\n\t\t\t\t\t\t\t<div class=\"elementor-accordion-item\">\n\t\t\t\t\t<h4 id=\"elementor-tab-title-4881\" class=\"elementor-tab-title the7-accordion-header deactive-default\" data-tab=\"1\" role=\"tab\" aria-controls=\"elementor-tab-content-4881\">\n\n\t\t\t\t\t\t\t\t\t\t\t\t\t<span class=\"elementor-accordion-icon elementor-accordion-icon-right\" aria-hidden=\"true\">\n\t\t\t\t\t\t\t\t\t\t\t\t\t\t\t<span class=\"elementor-accordion-icon-closed\"><i class=\"fas fa-caret-down\"><\/i><\/span>\n\t\t\t\t\t\t\t\t\t\t\t\t\t\t\t\t\t<span class=\"elementor-accordion-icon-opened\"><i class=\"fas fa-caret-up\"><\/i><\/span>\n\t\t\t\t\t\t\t\t\t\t\t\t\t\t\t\t\t\t\t\t\t\t<\/span>\n\t\t\t\t\t\t\t\t\t\t\t\t\t\t\t\t\t\t<a class=\"elementor-accordion-title\" href=\"\">Opis proizvoda<\/a>\n\t\t\t\t\t<\/h4>\n\t\t\t\t\t<div id=\"elementor-tab-content-4881\" class=\"elementor-tab-content elementor-clearfix deactive-default\" data-tab=\"1\" role=\"tabpanel\" aria-labelledby=\"elementor-tab-title-4881\"><ul><li><p><span style=\"font-family: Open Sans, sans-serif;\"><span style=\"font-size: small;\">Medij koji direktnim mije\u0161anjem sa vodenim bojama pove\u0107ava te\u010dnost boje.<\/span><\/span><\/p><\/li><li><p><span style=\"font-family: Open Sans, sans-serif;\"><span style=\"font-size: small;\">Mo\u017ee se koristiti i na vrlo tvrdim papirima pri smanjivanju povr\u0161inske napetosti.<\/span><\/span><\/p><\/li><li><p><span style=\"font-family: Open Sans, sans-serif;\"><span style=\"font-size: small;\">Dodati 3-4 kapi po \u0161alici vode.<\/span><\/span><\/p><\/li><\/ul><\/div>\n\t\t\t\t<\/div>\n\t\t\t\t\t<\/div>\n\t\t\t\t<\/div>\n\t\t\t\t<\/div>\n\t\t\t\t\t<\/div>\n\t\t<\/div>\n\t\t\t\t\t\t\t<\/div>\n\t\t<\/section>\n\t\t\t\t<section class=\"elementor-section elementor-top-section elementor-element elementor-element-1ef6e66 elementor-section-boxed elementor-section-height-default elementor-section-height-default\" data-id=\"1ef6e66\" data-element_type=\"section\">\n\t\t\t\t\t\t<div class=\"elementor-container elementor-column-gap-default\">\n\t\t\t\t\t<div class=\"elementor-column elementor-col-100 elementor-top-column elementor-element elementor-element-0b6d2f9\" data-id=\"0b6d2f9\" data-element_type=\"column\">\n\t\t\t<div class=\"elementor-widget-wrap elementor-element-populated\">\n\t\t\t\t\t\t\t\t<div class=\"elementor-element elementor-element-a89ccd7 elementor-widget elementor-widget-image\" data-id=\"a89ccd7\" data-element_type=\"widget\" data-widget_type=\"image.default\">\n\t\t\t\t<div class=\"elementor-widget-container\">\n\t\t\t\t\t\t\t\t\t\t\t\t\t\t\t<img decoding=\"async\" width=\"173\" height=\"300\" src=\"https:\/\/i0.wp.com\/artzumbur.hr\/wp-content\/uploads\/2022\/01\/884955017937-WN-WATER-COLOUR-MEDIUM-75ML-OX-GALL-LIQUID.jpg?resize=173%2C300&#038;ssl=1\" class=\"attachment-medium size-medium wp-image-40090\" alt=\"ox gall liquid\" srcset=\"https:\/\/i0.wp.com\/artzumbur.hr\/wp-content\/uploads\/2022\/01\/884955017937-WN-WATER-COLOUR-MEDIUM-75ML-OX-GALL-LIQUID-e1643372336344.jpg?resize=173%2C300&amp;ssl=1 173w, https:\/\/i0.wp.com\/artzumbur.hr\/wp-content\/uploads\/2022\/01\/884955017937-WN-WATER-COLOUR-MEDIUM-75ML-OX-GALL-LIQUID-e1643372336344.jpg?resize=592%2C1024&amp;ssl=1 592w, https:\/\/i0.wp.com\/artzumbur.hr\/wp-content\/uploads\/2022\/01\/884955017937-WN-WATER-COLOUR-MEDIUM-75ML-OX-GALL-LIQUID-e1643372336344.jpg?resize=768%2C1329&amp;ssl=1 768w, https:\/\/i0.wp.com\/artzumbur.hr\/wp-content\/uploads\/2022\/01\/884955017937-WN-WATER-COLOUR-MEDIUM-75ML-OX-GALL-LIQUID-e1643372336344.jpg?resize=887%2C1536&amp;ssl=1 887w, https:\/\/i0.wp.com\/artzumbur.hr\/wp-content\/uploads\/2022\/01\/884955017937-WN-WATER-COLOUR-MEDIUM-75ML-OX-GALL-LIQUID-e1643372336344.jpg?w=300&amp;ssl=1 300w\" sizes=\"(max-width: 173px) 100vw, 173px\" data-recalc-dims=\"1\" \/>\t\t\t\t\t\t\t\t\t\t\t\t\t\t\t<\/div>\n\t\t\t\t<\/div>\n\t\t\t\t\t<\/div>\n\t\t<\/div>\n\t\t\t\t\t\t\t<\/div>\n\t\t<\/section>\n\t\t\t\t\t\t\t<\/div>","protected":false},"excerpt":{"rendered":"<p class=\"western\">Medij koji direktnim mije\u0161anjem sa vodenim bojama pove\u0107ava te\u010dnost boje. Mo\u017ee se koristiti i na vrlo tvrdim papirima pri smanjivanju povr\u0161inske napetosti.<\/p>\n<p class=\"western\">Dodati 3-4 kapi po \u0161alici vode.<\/p>","protected":false},"featured_media":40090,"comment_status":"open","ping_status":"closed","template":"","meta":[],"product_cat":[284,333],"product_tag":[],"_links":{"self":[{"href":"https:\/\/artzumbur.hr\/en\/wp-json\/wp\/v2\/product\/40162"}],"collection":[{"href":"https:\/\/artzumbur.hr\/en\/wp-json\/wp\/v2\/product"}],"about":[{"href":"https:\/\/artzumbur.hr\/en\/wp-json\/wp\/v2\/types\/product"}],"replies":[{"embeddable":true,"href":"https:\/\/artzumbur.hr\/en\/wp-json\/wp\/v2\/comments?post=40162"}],"version-history":[{"count":7,"href":"https:\/\/artzumbur.hr\/en\/wp-json\/wp\/v2\/product\/40162\/revisions"}],"predecessor-version":[{"id":42390,"href":"https:\/\/artzumbur.hr\/en\/wp-json\/wp\/v2\/product\/40162\/revisions\/42390"}],"wp:featuredmedia":[{"embeddable":true,"href":"https:\/\/artzumbur.hr\/en\/wp-json\/wp\/v2\/media\/40090"}],"wp:attachment":[{"href":"https:\/\/artzumbur.hr\/en\/wp-json\/wp\/v2\/media?parent=40162"}],"wp:term":[{"taxonomy":"product_cat","embeddable":true,"href":"https:\/\/artzumbur.hr\/en\/wp-json\/wp\/v2\/product_cat?post=40162"},{"taxonomy":"product_tag","embeddable":true,"href":"https:\/\/artzumbur.hr\/en\/wp-json\/wp\/v2\/product_tag?post=40162"}],"curies":[{"name":"wp","href":"https:\/\/api.w.org\/{rel}","templated":true}]}}