{"id":40230,"date":"2022-02-02T16:47:19","date_gmt":"2022-02-02T16:47:19","guid":{"rendered":"https:\/\/artzumbur.hr\/?post_type=product&#038;p=40230"},"modified":"2023-05-15T19:56:51","modified_gmt":"2023-05-15T19:56:51","slug":"akrilni-mediji-wn-galeria-medium-2-5-litre-white-gesso-primer","status":"publish","type":"product","link":"https:\/\/artzumbur.hr\/en\/product\/akrilni-mediji-wn-galeria-medium-2-5-litre-white-gesso-primer\/","title":{"rendered":"Akrilni mediji &#8211; W&#038;N GALERIA MEDIUM 2.5 LITRE WHITE GESSO PRIMER"},"content":{"rendered":"<div data-elementor-type=\"product-post\" data-elementor-id=\"40230\" class=\"elementor elementor-40230\">\n\t\t\t\t\t\t\t\t\t<section class=\"elementor-section elementor-top-section elementor-element elementor-element-59482ae elementor-section-boxed elementor-section-height-default elementor-section-height-default\" data-id=\"59482ae\" data-element_type=\"section\">\n\t\t\t\t\t\t<div class=\"elementor-container elementor-column-gap-wide\">\n\t\t\t\t\t<div class=\"elementor-column elementor-col-100 elementor-top-column elementor-element elementor-element-86897f5\" data-id=\"86897f5\" data-element_type=\"column\">\n\t\t\t<div class=\"elementor-widget-wrap elementor-element-populated\">\n\t\t\t\t\t\t\t\t<div class=\"elementor-element elementor-element-2e8aba4 elementor-widget elementor-widget-the7-accordion\" data-id=\"2e8aba4\" data-element_type=\"widget\" data-widget_type=\"the7-accordion.default\">\n\t\t\t\t<div class=\"elementor-widget-container\">\n\t\t\t\t\t<div class=\"elementor-accordion the7-adv-accordion ac_bb_active_title ac_left_right_borders\" data-accordion-type=\"accordion\" role=\"tablist\">\n\t\t\t\t\t\t\t<div class=\"elementor-accordion-item\">\n\t\t\t\t\t<h4 id=\"elementor-tab-title-4881\" class=\"elementor-tab-title the7-accordion-header deactive-default\" data-tab=\"1\" role=\"tab\" aria-controls=\"elementor-tab-content-4881\">\n\n\t\t\t\t\t\t\t\t\t\t\t\t\t<span class=\"elementor-accordion-icon elementor-accordion-icon-right\" aria-hidden=\"true\">\n\t\t\t\t\t\t\t\t\t\t\t\t\t\t\t<span class=\"elementor-accordion-icon-closed\"><i class=\"fas fa-caret-down\"><\/i><\/span>\n\t\t\t\t\t\t\t\t\t\t\t\t\t\t\t\t\t<span class=\"elementor-accordion-icon-opened\"><i class=\"fas fa-caret-up\"><\/i><\/span>\n\t\t\t\t\t\t\t\t\t\t\t\t\t\t\t\t\t\t\t\t\t\t<\/span>\n\t\t\t\t\t\t\t\t\t\t\t\t\t\t\t\t\t\t<a class=\"elementor-accordion-title\" href=\"\">Opis proizvoda<\/a>\n\t\t\t\t\t<\/h4>\n\t\t\t\t\t<div id=\"elementor-tab-content-4881\" class=\"elementor-tab-content elementor-clearfix deactive-default\" data-tab=\"1\" role=\"tabpanel\" aria-labelledby=\"elementor-tab-title-4881\"><ul>\n<li>\n<p><span style=\"font-family: Open Sans, sans-serif;\"><span style=\"font-size: small;\">Napravljen od kvalitetne akrilne smole sa visokom snagom pigmenta<\/span><\/span><\/p>\n<\/li>\n<li>\n<p><span style=\"font-family: Open Sans, sans-serif;\"><span style=\"font-size: small;\">Mo\u017ee se koristiti direktno iz kante te odli\u010dno prianja <\/span><\/span><\/p>\n<\/li>\n<li>\n<p><span style=\"font-family: Open Sans, sans-serif;\"><span style=\"font-size: small;\">Za smanjivanje absorpcije i ja\u010danje filma, potreban je minimalno dva puta premazati &#8220;preparirati&#8221; podlogu ako se slika uljem<\/span><\/span><span style=\"font-family: &quot;Open Sans&quot;, sans-serif; font-size: small; color: var(--the7-base-color); letter-spacing: var(--the7-base-letter-spacing); text-transform: var(--the7-base-text-transform); word-spacing: normal;\">.<\/span><\/p>\n<\/li>\n<\/ul><\/div>\n\t\t\t\t<\/div>\n\t\t\t\t\t<\/div>\n\t\t\t\t<\/div>\n\t\t\t\t<\/div>\n\t\t\t\t\t<\/div>\n\t\t<\/div>\n\t\t\t\t\t\t\t<\/div>\n\t\t<\/section>\n\t\t\t\t\t\t\t<\/div>","protected":false},"excerpt":{"rendered":"<p>Opis proizvoda Napravljen od kvalitetne akrilne smole sa visokom snagom pigmenta Mo\u017ee se koristiti direktno iz kante te odli\u010dno prianja Za smanjivanje absorpcije i ja\u010danje filma, potreban je minimalno dva puta premazati &#8220;preparirati&#8221; podlogu ako se slika uljem.<\/p>","protected":false},"featured_media":40207,"comment_status":"open","ping_status":"closed","template":"","meta":[],"product_cat":[284,285],"product_tag":[],"_links":{"self":[{"href":"https:\/\/artzumbur.hr\/en\/wp-json\/wp\/v2\/product\/40230"}],"collection":[{"href":"https:\/\/artzumbur.hr\/en\/wp-json\/wp\/v2\/product"}],"about":[{"href":"https:\/\/artzumbur.hr\/en\/wp-json\/wp\/v2\/types\/product"}],"replies":[{"embeddable":true,"href":"https:\/\/artzumbur.hr\/en\/wp-json\/wp\/v2\/comments?post=40230"}],"version-history":[{"count":8,"href":"https:\/\/artzumbur.hr\/en\/wp-json\/wp\/v2\/product\/40230\/revisions"}],"predecessor-version":[{"id":42657,"href":"https:\/\/artzumbur.hr\/en\/wp-json\/wp\/v2\/product\/40230\/revisions\/42657"}],"wp:featuredmedia":[{"embeddable":true,"href":"https:\/\/artzumbur.hr\/en\/wp-json\/wp\/v2\/media\/40207"}],"wp:attachment":[{"href":"https:\/\/artzumbur.hr\/en\/wp-json\/wp\/v2\/media?parent=40230"}],"wp:term":[{"taxonomy":"product_cat","embeddable":true,"href":"https:\/\/artzumbur.hr\/en\/wp-json\/wp\/v2\/product_cat?post=40230"},{"taxonomy":"product_tag","embeddable":true,"href":"https:\/\/artzumbur.hr\/en\/wp-json\/wp\/v2\/product_tag?post=40230"}],"curies":[{"name":"wp","href":"https:\/\/api.w.org\/{rel}","templated":true}]}}