{"id":40253,"date":"2022-02-02T17:37:22","date_gmt":"2022-02-02T17:37:22","guid":{"rendered":"https:\/\/artzumbur.hr\/?post_type=product&#038;p=40253"},"modified":"2025-06-23T14:01:22","modified_gmt":"2025-06-23T14:01:22","slug":"wn-professional-gloss-varnish-spray-400ml-v1","status":"publish","type":"product","link":"https:\/\/artzumbur.hr\/en\/product\/wn-professional-gloss-varnish-spray-400ml-v1\/","title":{"rendered":"W&#038;N PROFESSIONAL GLOSS VARNISH SPRAY 400ML V1"},"content":{"rendered":"<div data-elementor-type=\"product-post\" data-elementor-id=\"40253\" class=\"elementor elementor-40253\">\n\t\t\t\t\t\t\t\t\t<section class=\"elementor-section elementor-top-section elementor-element elementor-element-59482ae elementor-section-boxed elementor-section-height-default elementor-section-height-default\" data-id=\"59482ae\" data-element_type=\"section\">\n\t\t\t\t\t\t<div class=\"elementor-container elementor-column-gap-wide\">\n\t\t\t\t\t<div class=\"elementor-column elementor-col-100 elementor-top-column elementor-element elementor-element-86897f5\" data-id=\"86897f5\" data-element_type=\"column\">\n\t\t\t<div class=\"elementor-widget-wrap elementor-element-populated\">\n\t\t\t\t\t\t\t\t<div class=\"elementor-element elementor-element-2e8aba4 elementor-widget elementor-widget-the7-accordion\" data-id=\"2e8aba4\" data-element_type=\"widget\" data-widget_type=\"the7-accordion.default\">\n\t\t\t\t<div class=\"elementor-widget-container\">\n\t\t\t\t\t<div class=\"elementor-accordion the7-adv-accordion ac_bb_active_title ac_left_right_borders\" data-accordion-type=\"accordion\" role=\"tablist\">\n\t\t\t\t\t\t\t<div class=\"elementor-accordion-item\">\n\t\t\t\t\t<h4 id=\"elementor-tab-title-4881\" class=\"elementor-tab-title the7-accordion-header deactive-default\" data-tab=\"1\" role=\"tab\" aria-controls=\"elementor-tab-content-4881\">\n\n\t\t\t\t\t\t\t\t\t\t\t\t\t<span class=\"elementor-accordion-icon elementor-accordion-icon-right\" aria-hidden=\"true\">\n\t\t\t\t\t\t\t\t\t\t\t\t\t\t\t<span class=\"elementor-accordion-icon-closed\"><i class=\"fas fa-caret-down\"><\/i><\/span>\n\t\t\t\t\t\t\t\t\t\t\t\t\t\t\t\t\t<span class=\"elementor-accordion-icon-opened\"><i class=\"fas fa-caret-up\"><\/i><\/span>\n\t\t\t\t\t\t\t\t\t\t\t\t\t\t\t\t\t\t\t\t\t\t<\/span>\n\t\t\t\t\t\t\t\t\t\t\t\t\t\t\t\t\t\t<a class=\"elementor-accordion-title\" href=\"\">Opis proizvoda<\/a>\n\t\t\t\t\t<\/h4>\n\t\t\t\t\t<div id=\"elementor-tab-content-4881\" class=\"elementor-tab-content elementor-clearfix deactive-default\" data-tab=\"1\" role=\"tabpanel\" aria-labelledby=\"elementor-tab-title-4881\"><ul><li><p><span style=\"font-family: Open Sans, sans-serif;\"><span style=\"font-size: small;\">Lak u spreju, sjajni<\/span><\/span><\/p><\/li><li><p><span style=\"font-family: Open Sans, sans-serif;\"><span style=\"font-size: small;\">Za uljane, alkidne i akrilne boje<\/span><\/span><\/p><\/li><li><p><span style=\"font-family: Open Sans, sans-serif;\"><span style=\"font-size: small;\">Otporan na UV zra\u010denje <\/span><\/span><\/p><\/li><li><p><span style=\"font-family: Open Sans, sans-serif;\"><span style=\"font-size: small;\">Mogu\u0107e ga je ukloniti white spiritom<\/span><\/span><\/p><\/li><\/ul><\/div>\n\t\t\t\t<\/div>\n\t\t\t\t\t<\/div>\n\t\t\t\t<\/div>\n\t\t\t\t<\/div>\n\t\t\t\t\t<\/div>\n\t\t<\/div>\n\t\t\t\t\t\t\t<\/div>\n\t\t<\/section>\n\t\t\t\t\t\t\t<\/div>","protected":false},"excerpt":{"rendered":"<p>Za\u0161titni lak u spraju za slike ra\u0111ene uljem i akrilom. Mo\u017ee se ukoloniti s povr\u0161ine pomo\u0107u bijelog \u0161pirita (white spirit) ili terpentina. Sadr\u017ei Uv za\u0161titu.<\/p>","protected":false},"featured_media":40213,"comment_status":"open","ping_status":"closed","template":"","meta":[],"product_cat":[284,341],"product_tag":[],"_links":{"self":[{"href":"https:\/\/artzumbur.hr\/en\/wp-json\/wp\/v2\/product\/40253"}],"collection":[{"href":"https:\/\/artzumbur.hr\/en\/wp-json\/wp\/v2\/product"}],"about":[{"href":"https:\/\/artzumbur.hr\/en\/wp-json\/wp\/v2\/types\/product"}],"replies":[{"embeddable":true,"href":"https:\/\/artzumbur.hr\/en\/wp-json\/wp\/v2\/comments?post=40253"}],"version-history":[{"count":6,"href":"https:\/\/artzumbur.hr\/en\/wp-json\/wp\/v2\/product\/40253\/revisions"}],"predecessor-version":[{"id":42289,"href":"https:\/\/artzumbur.hr\/en\/wp-json\/wp\/v2\/product\/40253\/revisions\/42289"}],"wp:featuredmedia":[{"embeddable":true,"href":"https:\/\/artzumbur.hr\/en\/wp-json\/wp\/v2\/media\/40213"}],"wp:attachment":[{"href":"https:\/\/artzumbur.hr\/en\/wp-json\/wp\/v2\/media?parent=40253"}],"wp:term":[{"taxonomy":"product_cat","embeddable":true,"href":"https:\/\/artzumbur.hr\/en\/wp-json\/wp\/v2\/product_cat?post=40253"},{"taxonomy":"product_tag","embeddable":true,"href":"https:\/\/artzumbur.hr\/en\/wp-json\/wp\/v2\/product_tag?post=40253"}],"curies":[{"name":"wp","href":"https:\/\/api.w.org\/{rel}","templated":true}]}}