{"id":40338,"date":"2022-02-02T18:40:29","date_gmt":"2022-02-02T18:40:29","guid":{"rendered":"https:\/\/artzumbur.hr\/?post_type=product&#038;p=40338"},"modified":"2023-05-13T08:28:01","modified_gmt":"2023-05-13T08:28:01","slug":"wn-artisan-medium-75ml-stand-oil","status":"publish","type":"product","link":"https:\/\/artzumbur.hr\/en\/product\/wn-artisan-medium-75ml-stand-oil\/","title":{"rendered":"W&#038;N ARTISAN MEDIUM 75ML STAND OIL"},"content":{"rendered":"<div data-elementor-type=\"product-post\" data-elementor-id=\"40338\" class=\"elementor elementor-40338\">\n\t\t\t\t\t\t\t\t\t<section class=\"elementor-section elementor-top-section elementor-element elementor-element-59482ae elementor-section-boxed elementor-section-height-default elementor-section-height-default\" data-id=\"59482ae\" data-element_type=\"section\">\n\t\t\t\t\t\t<div class=\"elementor-container elementor-column-gap-wide\">\n\t\t\t\t\t<div class=\"elementor-column elementor-col-100 elementor-top-column elementor-element elementor-element-86897f5\" data-id=\"86897f5\" data-element_type=\"column\">\n\t\t\t<div class=\"elementor-widget-wrap elementor-element-populated\">\n\t\t\t\t\t\t\t\t<div class=\"elementor-element elementor-element-2e8aba4 elementor-widget elementor-widget-the7-accordion\" data-id=\"2e8aba4\" data-element_type=\"widget\" data-widget_type=\"the7-accordion.default\">\n\t\t\t\t<div class=\"elementor-widget-container\">\n\t\t\t\t\t<div class=\"elementor-accordion the7-adv-accordion ac_bb_active_title ac_left_right_borders\" data-accordion-type=\"accordion\" role=\"tablist\">\n\t\t\t\t\t\t\t<div class=\"elementor-accordion-item\">\n\t\t\t\t\t<h4 id=\"elementor-tab-title-4881\" class=\"elementor-tab-title the7-accordion-header deactive-default\" data-tab=\"1\" role=\"tab\" aria-controls=\"elementor-tab-content-4881\">\n\n\t\t\t\t\t\t\t\t\t\t\t\t\t<span class=\"elementor-accordion-icon elementor-accordion-icon-right\" aria-hidden=\"true\">\n\t\t\t\t\t\t\t\t\t\t\t\t\t\t\t<span class=\"elementor-accordion-icon-closed\"><i class=\"fas fa-caret-down\"><\/i><\/span>\n\t\t\t\t\t\t\t\t\t\t\t\t\t\t\t\t\t<span class=\"elementor-accordion-icon-opened\"><i class=\"fas fa-caret-up\"><\/i><\/span>\n\t\t\t\t\t\t\t\t\t\t\t\t\t\t\t\t\t\t\t\t\t\t<\/span>\n\t\t\t\t\t\t\t\t\t\t\t\t\t\t\t\t\t\t<a class=\"elementor-accordion-title\" href=\"\">Opis proizvoda<\/a>\n\t\t\t\t\t<\/h4>\n\t\t\t\t\t<div id=\"elementor-tab-content-4881\" class=\"elementor-tab-content elementor-clearfix deactive-default\" data-tab=\"1\" role=\"tabpanel\" aria-labelledby=\"elementor-tab-title-4881\"><ul><li><span style=\"font-family: Open Sans, sans-serif;\"><span style=\"font-size: small;\">Lak za uljane boje<\/span><\/span><\/li><li>Sjajni lak vrhunske kvalitete, mogu\u0107e ga je skinuti sa Artists&#8217; white spiritom ili destiliranim terpentinom<\/li><li>Otporan na UV zrake<\/li><li>Brzo su\u0161e\u0107i, ne \u017euti, ne lista i ne puca<\/li><li>Ne nanostit dok slika nije kompletno suha (6-12 mjeseci). Ne koristiti kao medij.<\/li><\/ul><\/div>\n\t\t\t\t<\/div>\n\t\t\t\t\t<\/div>\n\t\t\t\t<\/div>\n\t\t\t\t<\/div>\n\t\t\t\t\t<\/div>\n\t\t<\/div>\n\t\t\t\t\t\t\t<\/div>\n\t\t<\/section>\n\t\t\t\t\t\t\t<\/div>","protected":false},"excerpt":{"rendered":"<p>Opis proizvoda Lak za uljane boje Sjajni lak vrhunske kvalitete, mogu\u0107e ga je skinuti sa Artists\u2019 white spiritom ili destiliranim terpentinom Otporan na UV zrake Brzo su\u0161e\u0107i, ne \u017euti, ne lista i ne puca Ne nanostit dok slika nije kompletno suha (6-12 mjeseci). Ne koristiti kao medij.<\/p>","protected":false},"featured_media":40301,"comment_status":"open","ping_status":"closed","template":"","meta":[],"product_cat":[284,286],"product_tag":[],"_links":{"self":[{"href":"https:\/\/artzumbur.hr\/en\/wp-json\/wp\/v2\/product\/40338"}],"collection":[{"href":"https:\/\/artzumbur.hr\/en\/wp-json\/wp\/v2\/product"}],"about":[{"href":"https:\/\/artzumbur.hr\/en\/wp-json\/wp\/v2\/types\/product"}],"replies":[{"embeddable":true,"href":"https:\/\/artzumbur.hr\/en\/wp-json\/wp\/v2\/comments?post=40338"}],"version-history":[{"count":10,"href":"https:\/\/artzumbur.hr\/en\/wp-json\/wp\/v2\/product\/40338\/revisions"}],"predecessor-version":[{"id":42394,"href":"https:\/\/artzumbur.hr\/en\/wp-json\/wp\/v2\/product\/40338\/revisions\/42394"}],"wp:featuredmedia":[{"embeddable":true,"href":"https:\/\/artzumbur.hr\/en\/wp-json\/wp\/v2\/media\/40301"}],"wp:attachment":[{"href":"https:\/\/artzumbur.hr\/en\/wp-json\/wp\/v2\/media?parent=40338"}],"wp:term":[{"taxonomy":"product_cat","embeddable":true,"href":"https:\/\/artzumbur.hr\/en\/wp-json\/wp\/v2\/product_cat?post=40338"},{"taxonomy":"product_tag","embeddable":true,"href":"https:\/\/artzumbur.hr\/en\/wp-json\/wp\/v2\/product_tag?post=40338"}],"curies":[{"name":"wp","href":"https:\/\/api.w.org\/{rel}","templated":true}]}}