{"id":40346,"date":"2022-02-02T18:43:41","date_gmt":"2022-02-02T18:43:41","guid":{"rendered":"https:\/\/artzumbur.hr\/?post_type=product&#038;p=40346"},"modified":"2024-06-12T13:27:47","modified_gmt":"2024-06-12T13:27:47","slug":"wn-artisan-medium-75ml-thinner","status":"publish","type":"product","link":"https:\/\/artzumbur.hr\/en\/product\/wn-artisan-medium-75ml-thinner\/","title":{"rendered":"W&#038;N ARTISAN MEDIUM 75ML THINNER"},"content":{"rendered":"<div data-elementor-type=\"product-post\" data-elementor-id=\"40346\" class=\"elementor elementor-40346\">\n\t\t\t\t\t\t\t\t\t<section class=\"elementor-section elementor-top-section elementor-element elementor-element-59482ae elementor-section-boxed elementor-section-height-default elementor-section-height-default\" data-id=\"59482ae\" data-element_type=\"section\">\n\t\t\t\t\t\t<div class=\"elementor-container elementor-column-gap-wide\">\n\t\t\t\t\t<div class=\"elementor-column elementor-col-100 elementor-top-column elementor-element elementor-element-86897f5\" data-id=\"86897f5\" data-element_type=\"column\">\n\t\t\t<div class=\"elementor-widget-wrap elementor-element-populated\">\n\t\t\t\t\t\t\t\t<div class=\"elementor-element elementor-element-2e8aba4 elementor-widget elementor-widget-the7-accordion\" data-id=\"2e8aba4\" data-element_type=\"widget\" data-widget_type=\"the7-accordion.default\">\n\t\t\t\t<div class=\"elementor-widget-container\">\n\t\t\t\t\t<div class=\"elementor-accordion the7-adv-accordion ac_bb_active_title ac_left_right_borders\" data-accordion-type=\"accordion\" role=\"tablist\">\n\t\t\t\t\t\t\t<div class=\"elementor-accordion-item\">\n\t\t\t\t\t<h4 id=\"elementor-tab-title-4881\" class=\"elementor-tab-title the7-accordion-header deactive-default\" data-tab=\"1\" role=\"tab\" aria-controls=\"elementor-tab-content-4881\">\n\n\t\t\t\t\t\t\t\t\t\t\t\t\t<span class=\"elementor-accordion-icon elementor-accordion-icon-right\" aria-hidden=\"true\">\n\t\t\t\t\t\t\t\t\t\t\t\t\t\t\t<span class=\"elementor-accordion-icon-closed\"><i class=\"fas fa-caret-down\"><\/i><\/span>\n\t\t\t\t\t\t\t\t\t\t\t\t\t\t\t\t\t<span class=\"elementor-accordion-icon-opened\"><i class=\"fas fa-caret-up\"><\/i><\/span>\n\t\t\t\t\t\t\t\t\t\t\t\t\t\t\t\t\t\t\t\t\t\t<\/span>\n\t\t\t\t\t\t\t\t\t\t\t\t\t\t\t\t\t\t<a class=\"elementor-accordion-title\" href=\"\">Opis proizvoda<\/a>\n\t\t\t\t\t<\/h4>\n\t\t\t\t\t<div id=\"elementor-tab-content-4881\" class=\"elementor-tab-content elementor-clearfix deactive-default\" data-tab=\"1\" role=\"tabpanel\" aria-labelledby=\"elementor-tab-title-4881\"><ul><li><span class=\"Y2IQFc\" lang=\"hr\">Ovaj razrje\u0111iva\u010d posebno je razvijen za odr\u017eavanje masnog osje\u0107aja i zadr\u017eava Artisan boju mazivom dulje od vode. <\/span><\/li><li><span class=\"Y2IQFc\" lang=\"hr\">Iako je voda prikladna kao razrje\u0111iva\u010d za boju, njezino brzo isparavanje mo\u017ee u\u010diniti da se boja na paleti zgusne mnogo br\u017ee nego \u0161to bi to u\u010dinila konvencionalna uljana boja kada se koristi s terpentinom. <\/span><\/li><li><span class=\"Y2IQFc\" lang=\"hr\">Budu\u0107i da Artisan razrje\u0111iva\u010d ne stvara emulziju s bojom, promjena boje je manja nego \u0161to bi bila s vodom.<\/span><\/li><\/ul><\/div>\n\t\t\t\t<\/div>\n\t\t\t\t\t<\/div>\n\t\t\t\t<\/div>\n\t\t\t\t<\/div>\n\t\t\t\t\t<\/div>\n\t\t<\/div>\n\t\t\t\t\t\t\t<\/div>\n\t\t<\/section>\n\t\t\t\t\t\t\t<\/div>","protected":false},"excerpt":{"rendered":"<pre id=\"tw-target-text\" class=\"tw-data-text tw-text-large tw-ta\" dir=\"ltr\" data-placeholder=\"Prijevod\"><span class=\"Y2IQFc\" lang=\"hr\">Ovaj razrje\u0111iva\u010d posebno je razvijen za odr\u017eavanje masnog\r\n osje\u0107aja i zadr\u017eava Artisan boju mazivom dulje od vode.\r\n Iako je voda prikladna kao razrje\u0111iva\u010d za boju,\r\n njezino brzo isparavanje mo\u017ee u\u010diniti da se boja na \r\npaleti zgusne mnogo br\u017ee nego \u0161to bi to u\u010dinila\r\n konvencionalna uljana boja kada se koristi s terpentinom.\r\n Budu\u0107i da Artisan razrje\u0111iva\u010d ne stvara emulziju s bojom, \r\npromjena boje je manja nego \u0161to bi bila s vodom.<\/span><\/pre>","protected":false},"featured_media":40303,"comment_status":"open","ping_status":"closed","template":"","meta":[],"product_cat":[284,286],"product_tag":[],"_links":{"self":[{"href":"https:\/\/artzumbur.hr\/en\/wp-json\/wp\/v2\/product\/40346"}],"collection":[{"href":"https:\/\/artzumbur.hr\/en\/wp-json\/wp\/v2\/product"}],"about":[{"href":"https:\/\/artzumbur.hr\/en\/wp-json\/wp\/v2\/types\/product"}],"replies":[{"embeddable":true,"href":"https:\/\/artzumbur.hr\/en\/wp-json\/wp\/v2\/comments?post=40346"}],"version-history":[{"count":9,"href":"https:\/\/artzumbur.hr\/en\/wp-json\/wp\/v2\/product\/40346\/revisions"}],"predecessor-version":[{"id":42818,"href":"https:\/\/artzumbur.hr\/en\/wp-json\/wp\/v2\/product\/40346\/revisions\/42818"}],"wp:featuredmedia":[{"embeddable":true,"href":"https:\/\/artzumbur.hr\/en\/wp-json\/wp\/v2\/media\/40303"}],"wp:attachment":[{"href":"https:\/\/artzumbur.hr\/en\/wp-json\/wp\/v2\/media?parent=40346"}],"wp:term":[{"taxonomy":"product_cat","embeddable":true,"href":"https:\/\/artzumbur.hr\/en\/wp-json\/wp\/v2\/product_cat?post=40346"},{"taxonomy":"product_tag","embeddable":true,"href":"https:\/\/artzumbur.hr\/en\/wp-json\/wp\/v2\/product_tag?post=40346"}],"curies":[{"name":"wp","href":"https:\/\/api.w.org\/{rel}","templated":true}]}}