{"id":40361,"date":"2022-02-03T11:10:08","date_gmt":"2022-02-03T11:10:08","guid":{"rendered":"https:\/\/artzumbur.hr\/?post_type=product&#038;p=40361"},"modified":"2023-05-10T19:22:33","modified_gmt":"2023-05-10T19:22:33","slug":"wn-artists-white-spirit-1l","status":"publish","type":"product","link":"https:\/\/artzumbur.hr\/en\/product\/wn-artists-white-spirit-1l\/","title":{"rendered":"W&#038;N ARTISTS&#8217; WHITE SPIRIT 1L"},"content":{"rendered":"<div data-elementor-type=\"product-post\" data-elementor-id=\"40361\" class=\"elementor elementor-40361\">\n\t\t\t\t\t\t\t\t\t<section class=\"elementor-section elementor-top-section elementor-element elementor-element-59482ae elementor-section-boxed elementor-section-height-default elementor-section-height-default\" data-id=\"59482ae\" data-element_type=\"section\">\n\t\t\t\t\t\t<div class=\"elementor-container elementor-column-gap-wide\">\n\t\t\t\t\t<div class=\"elementor-column elementor-col-100 elementor-top-column elementor-element elementor-element-86897f5\" data-id=\"86897f5\" data-element_type=\"column\">\n\t\t\t<div class=\"elementor-widget-wrap elementor-element-populated\">\n\t\t\t\t\t\t\t\t<div class=\"elementor-element elementor-element-2e8aba4 elementor-widget elementor-widget-the7-accordion\" data-id=\"2e8aba4\" data-element_type=\"widget\" data-widget_type=\"the7-accordion.default\">\n\t\t\t\t<div class=\"elementor-widget-container\">\n\t\t\t\t\t<div class=\"elementor-accordion the7-adv-accordion ac_bb_active_title ac_left_right_borders\" data-accordion-type=\"accordion\" role=\"tablist\">\n\t\t\t\t\t\t\t<div class=\"elementor-accordion-item\">\n\t\t\t\t\t<h4 id=\"elementor-tab-title-4881\" class=\"elementor-tab-title the7-accordion-header deactive-default\" data-tab=\"1\" role=\"tab\" aria-controls=\"elementor-tab-content-4881\">\n\n\t\t\t\t\t\t\t\t\t\t\t\t\t<span class=\"elementor-accordion-icon elementor-accordion-icon-right\" aria-hidden=\"true\">\n\t\t\t\t\t\t\t\t\t\t\t\t\t\t\t<span class=\"elementor-accordion-icon-closed\"><i class=\"fas fa-caret-down\"><\/i><\/span>\n\t\t\t\t\t\t\t\t\t\t\t\t\t\t\t\t\t<span class=\"elementor-accordion-icon-opened\"><i class=\"fas fa-caret-up\"><\/i><\/span>\n\t\t\t\t\t\t\t\t\t\t\t\t\t\t\t\t\t\t\t\t\t\t<\/span>\n\t\t\t\t\t\t\t\t\t\t\t\t\t\t\t\t\t\t<a class=\"elementor-accordion-title\" href=\"\">Opis proizvoda<\/a>\n\t\t\t\t\t<\/h4>\n\t\t\t\t\t<div id=\"elementor-tab-content-4881\" class=\"elementor-tab-content elementor-clearfix deactive-default\" data-tab=\"1\" role=\"tabpanel\" aria-labelledby=\"elementor-tab-title-4881\"><ul><li><p><span style=\"font-family: Open Sans, sans-serif;\"><span style=\"font-size: small;\">Prirodna smolno\/uljna emulzija koja sadr\u017ei amonijak, dizajnirana za \u010di\u0161\u0107enje lakiranih (za\u0161ti\u0107enih) slika<\/span><\/span><\/p><\/li><li><p><span style=\"font-family: Open Sans, sans-serif;\"><span style=\"font-size: small;\"> Radi tako da otapa oksidate lanenog ulja i uklanja povr\u0161inske ne\u010disto\u0107e i ostatke oksidacije na starom laku<\/span><\/span><\/p><\/li><li><p><span style=\"font-family: Open Sans, sans-serif;\"><span style=\"font-size: small;\">Dobro protresti prije i tijekom upotrebe. \u010cistite mala podru\u010dja vatom<\/span><\/span><\/p><\/li><li><p><span style=\"font-family: Open Sans, sans-serif;\"><span style=\"font-size: small;\">Nakon \u010di\u0161\u0107enja, uklonite sve ostatke medija destiliranim terpentinom<\/span><\/span><\/p><\/li><li><p><span style=\"font-family: Open Sans, sans-serif;\"><span style=\"font-size: small;\">Napomena: Ukoliko sa slike treba ukloniti stari lak, preporu\u010da se povjeriti zadatak restauratoru<\/span><\/span><\/p><\/li><li><p><span style=\"font-family: Open Sans, sans-serif;\"><span style=\"font-size: small;\">Neza\u0161ti\u0107ene slike se tako\u0111er mogu tretirati medijem ali vrlo pa\u017eljivo, te proces treba odmah prekinuti ako krene skidati boju sa slike<\/span><\/span><\/p><\/li><\/ul><\/div>\n\t\t\t\t<\/div>\n\t\t\t\t\t<\/div>\n\t\t\t\t<\/div>\n\t\t\t\t<\/div>\n\t\t\t\t\t<\/div>\n\t\t<\/div>\n\t\t\t\t\t\t\t<\/div>\n\t\t<\/section>\n\t\t\t\t\t\t\t<\/div>","protected":false},"excerpt":{"rendered":"<p>Opis proizvoda Prirodna smolno\/uljna emulzija koja sadr\u017ei amonijak, dizajnirana za \u010di\u0161\u0107enje lakiranih (za\u0161ti\u0107enih) slika Radi tako da otapa oksidate lanenog ulja i uklanja povr\u0161inske ne\u010disto\u0107e i ostatke oksidacije na starom laku Dobro protresti prije i tijekom upotrebe. \u010cistite mala podru\u010dja vatom Nakon \u010di\u0161\u0107enja, uklonite sve ostatke medija destiliranim terpentinom Napomena: Ukoliko sa slike treba ukloniti&hellip;<\/p>","protected":false},"featured_media":40307,"comment_status":"open","ping_status":"closed","template":"","meta":[],"product_cat":[284,286],"product_tag":[],"_links":{"self":[{"href":"https:\/\/artzumbur.hr\/en\/wp-json\/wp\/v2\/product\/40361"}],"collection":[{"href":"https:\/\/artzumbur.hr\/en\/wp-json\/wp\/v2\/product"}],"about":[{"href":"https:\/\/artzumbur.hr\/en\/wp-json\/wp\/v2\/types\/product"}],"replies":[{"embeddable":true,"href":"https:\/\/artzumbur.hr\/en\/wp-json\/wp\/v2\/comments?post=40361"}],"version-history":[{"count":2,"href":"https:\/\/artzumbur.hr\/en\/wp-json\/wp\/v2\/product\/40361\/revisions"}],"predecessor-version":[{"id":40366,"href":"https:\/\/artzumbur.hr\/en\/wp-json\/wp\/v2\/product\/40361\/revisions\/40366"}],"wp:featuredmedia":[{"embeddable":true,"href":"https:\/\/artzumbur.hr\/en\/wp-json\/wp\/v2\/media\/40307"}],"wp:attachment":[{"href":"https:\/\/artzumbur.hr\/en\/wp-json\/wp\/v2\/media?parent=40361"}],"wp:term":[{"taxonomy":"product_cat","embeddable":true,"href":"https:\/\/artzumbur.hr\/en\/wp-json\/wp\/v2\/product_cat?post=40361"},{"taxonomy":"product_tag","embeddable":true,"href":"https:\/\/artzumbur.hr\/en\/wp-json\/wp\/v2\/product_tag?post=40361"}],"curies":[{"name":"wp","href":"https:\/\/api.w.org\/{rel}","templated":true}]}}