{"id":40364,"date":"2022-02-03T11:12:42","date_gmt":"2022-02-03T11:12:42","guid":{"rendered":"https:\/\/artzumbur.hr\/?post_type=product&#038;p=40364"},"modified":"2024-08-10T08:28:35","modified_gmt":"2024-08-10T08:28:35","slug":"wn-oil-medium-75ml-artists-white-spirit","status":"publish","type":"product","link":"https:\/\/artzumbur.hr\/en\/product\/wn-oil-medium-75ml-artists-white-spirit\/","title":{"rendered":"W&#038;N OIL MEDIUM 75ML ARTISTS&#8217; WHITE SPIRIT"},"content":{"rendered":"<div data-elementor-type=\"product-post\" data-elementor-id=\"40364\" class=\"elementor elementor-40364\">\n\t\t\t\t\t\t\t\t\t<section class=\"elementor-section elementor-top-section elementor-element elementor-element-59482ae elementor-section-boxed elementor-section-height-default elementor-section-height-default\" data-id=\"59482ae\" data-element_type=\"section\">\n\t\t\t\t\t\t<div class=\"elementor-container elementor-column-gap-wide\">\n\t\t\t\t\t<div class=\"elementor-column elementor-col-100 elementor-top-column elementor-element elementor-element-86897f5\" data-id=\"86897f5\" data-element_type=\"column\">\n\t\t\t<div class=\"elementor-widget-wrap elementor-element-populated\">\n\t\t\t\t\t\t\t\t<div class=\"elementor-element elementor-element-2e8aba4 elementor-widget elementor-widget-the7-accordion\" data-id=\"2e8aba4\" data-element_type=\"widget\" data-widget_type=\"the7-accordion.default\">\n\t\t\t\t<div class=\"elementor-widget-container\">\n\t\t\t\t\t<div class=\"elementor-accordion the7-adv-accordion ac_bb_active_title ac_left_right_borders\" data-accordion-type=\"accordion\" role=\"tablist\">\n\t\t\t\t\t\t\t<div class=\"elementor-accordion-item\">\n\t\t\t\t\t<h4 id=\"elementor-tab-title-4881\" class=\"elementor-tab-title the7-accordion-header deactive-default\" data-tab=\"1\" role=\"tab\" aria-controls=\"elementor-tab-content-4881\">\n\n\t\t\t\t\t\t\t\t\t\t\t\t\t<span class=\"elementor-accordion-icon elementor-accordion-icon-right\" aria-hidden=\"true\">\n\t\t\t\t\t\t\t\t\t\t\t\t\t\t\t<span class=\"elementor-accordion-icon-closed\"><i class=\"fas fa-caret-down\"><\/i><\/span>\n\t\t\t\t\t\t\t\t\t\t\t\t\t\t\t\t\t<span class=\"elementor-accordion-icon-opened\"><i class=\"fas fa-caret-up\"><\/i><\/span>\n\t\t\t\t\t\t\t\t\t\t\t\t\t\t\t\t\t\t\t\t\t\t<\/span>\n\t\t\t\t\t\t\t\t\t\t\t\t\t\t\t\t\t\t<a class=\"elementor-accordion-title\" href=\"\">Opis proizvoda<\/a>\n\t\t\t\t\t<\/h4>\n\t\t\t\t\t<div id=\"elementor-tab-content-4881\" class=\"elementor-tab-content elementor-clearfix deactive-default\" data-tab=\"1\" role=\"tabpanel\" aria-labelledby=\"elementor-tab-title-4881\"><ul>\n<li>\n<p><span style=\"font-family: Open Sans, sans-serif;\"><span style=\"font-size: small;\">U\u010dinkovito otapalo koje je manje opasno od destiliranog terpentina, s malo sporijim vremenom su\u0161enja.&nbsp;<\/span><\/span><\/p>\n<\/li>\n<li>\n<p><span style=\"font-family: Open Sans, sans-serif;\"><span style=\"font-size: small;\">Artists\u2019 White Spirit je naftni destilat. Mje\u0161anjem boja postaje rije\u0111a.<br><\/span><\/span><\/p>\n<\/li>\n<li>\n<p><span style=\"font-family: Open Sans, sans-serif;\"><span style=\"font-size: small;\">Mo\u017ee se koristiti za \u010di\u0161\u0107enje kistova i stvaranje vlastitih medija za slikanje, kao i za uklanjanje lakova u pripremi za ponovno lakiranje (ne uklanja Dammar Varnish).<br>Prikladno za uljane i alkidne boje.<br>Ne kvari se skladi\u0161tenjem.<br><\/span><\/span><\/p>\n<\/li>\n<li>\n<p><span style=\"font-family: Open Sans, sans-serif;\"><span style=\"font-size: small;\">Savjet: Iako je Artists\u2019 White Spirit manje opasan od destiliranog terpentina, koristite ga oprezno i odla\u017eite ga odgovorno.<br><\/span><\/span><\/p>\n<\/li><\/ul><\/div>\n\t\t\t\t<\/div>\n\t\t\t\t\t<\/div>\n\t\t\t\t<\/div>\n\t\t\t\t<\/div>\n\t\t\t\t\t<\/div>\n\t\t<\/div>\n\t\t\t\t\t\t\t<\/div>\n\t\t<\/section>\n\t\t\t\t\t\t\t<\/div>","protected":false},"excerpt":{"rendered":"<p>U\u010dinkovito otapalo koje je manje opasno od destiliranog terpentina, s malo sporijim vremenom su\u0161enja. Artists\u2019 White Spirit je naftni destilat. Mje\u0161anjem boja postaje rije\u0111a, malo ubrzava su\u0161enje &#8211; isparavanjem.<br \/>\nMo\u017ee se koristiti za \u010di\u0161\u0107enje kistova i stvaranje vlastitih medija za slikanje, kao i za uklanjanje lakova u pripremi za ponovno lakiranje (ne uklanja Dammar Varnish).<br \/>\nPrikladno za uljane i alkidne boje.<br \/>\nNe kvari se skladi\u0161tenjem.<\/p>\n<p>Savjet: Iako je Artists\u2019 White Spirit manje opasan od destiliranog terpentina, koristite ga oprezno i \u200b\u200bodla\u017eite ga odgovorno.<\/p>","protected":false},"featured_media":40308,"comment_status":"open","ping_status":"closed","template":"","meta":[],"product_cat":[284,286],"product_tag":[],"_links":{"self":[{"href":"https:\/\/artzumbur.hr\/en\/wp-json\/wp\/v2\/product\/40364"}],"collection":[{"href":"https:\/\/artzumbur.hr\/en\/wp-json\/wp\/v2\/product"}],"about":[{"href":"https:\/\/artzumbur.hr\/en\/wp-json\/wp\/v2\/types\/product"}],"replies":[{"embeddable":true,"href":"https:\/\/artzumbur.hr\/en\/wp-json\/wp\/v2\/comments?post=40364"}],"version-history":[{"count":9,"href":"https:\/\/artzumbur.hr\/en\/wp-json\/wp\/v2\/product\/40364\/revisions"}],"predecessor-version":[{"id":42814,"href":"https:\/\/artzumbur.hr\/en\/wp-json\/wp\/v2\/product\/40364\/revisions\/42814"}],"wp:featuredmedia":[{"embeddable":true,"href":"https:\/\/artzumbur.hr\/en\/wp-json\/wp\/v2\/media\/40308"}],"wp:attachment":[{"href":"https:\/\/artzumbur.hr\/en\/wp-json\/wp\/v2\/media?parent=40364"}],"wp:term":[{"taxonomy":"product_cat","embeddable":true,"href":"https:\/\/artzumbur.hr\/en\/wp-json\/wp\/v2\/product_cat?post=40364"},{"taxonomy":"product_tag","embeddable":true,"href":"https:\/\/artzumbur.hr\/en\/wp-json\/wp\/v2\/product_tag?post=40364"}],"curies":[{"name":"wp","href":"https:\/\/api.w.org\/{rel}","templated":true}]}}