{"id":40386,"date":"2022-02-03T11:31:40","date_gmt":"2022-02-03T11:31:40","guid":{"rendered":"https:\/\/artzumbur.hr\/?post_type=product&#038;p=40386"},"modified":"2024-11-04T22:33:33","modified_gmt":"2024-11-04T22:33:33","slug":"wn-oil-medium-75ml-liquin-fine-detail","status":"publish","type":"product","link":"https:\/\/artzumbur.hr\/en\/product\/wn-oil-medium-75ml-liquin-fine-detail\/","title":{"rendered":"W&#038;N OIL MEDIUM 75ML LIQUIN FINE DETAIL"},"content":{"rendered":"<div data-elementor-type=\"product-post\" data-elementor-id=\"40386\" class=\"elementor elementor-40386\">\n\t\t\t\t\t\t\t\t\t<section class=\"elementor-section elementor-top-section elementor-element elementor-element-59482ae elementor-section-boxed elementor-section-height-default elementor-section-height-default\" data-id=\"59482ae\" data-element_type=\"section\">\n\t\t\t\t\t\t<div class=\"elementor-container elementor-column-gap-wide\">\n\t\t\t\t\t<div class=\"elementor-column elementor-col-100 elementor-top-column elementor-element elementor-element-86897f5\" data-id=\"86897f5\" data-element_type=\"column\">\n\t\t\t<div class=\"elementor-widget-wrap elementor-element-populated\">\n\t\t\t\t\t\t\t\t<div class=\"elementor-element elementor-element-2e8aba4 elementor-widget elementor-widget-the7-accordion\" data-id=\"2e8aba4\" data-element_type=\"widget\" data-widget_type=\"the7-accordion.default\">\n\t\t\t\t<div class=\"elementor-widget-container\">\n\t\t\t\t\t<div class=\"elementor-accordion the7-adv-accordion ac_bb_active_title ac_left_right_borders\" data-accordion-type=\"accordion\" role=\"tablist\">\n\t\t\t\t\t\t\t<div class=\"elementor-accordion-item\">\n\t\t\t\t\t<h4 id=\"elementor-tab-title-4881\" class=\"elementor-tab-title the7-accordion-header deactive-default\" data-tab=\"1\" role=\"tab\" aria-controls=\"elementor-tab-content-4881\">\n\n\t\t\t\t\t\t\t\t\t\t\t\t\t<span class=\"elementor-accordion-icon elementor-accordion-icon-right\" aria-hidden=\"true\">\n\t\t\t\t\t\t\t\t\t\t\t\t\t\t\t<span class=\"elementor-accordion-icon-closed\"><i class=\"fas fa-caret-down\"><\/i><\/span>\n\t\t\t\t\t\t\t\t\t\t\t\t\t\t\t\t\t<span class=\"elementor-accordion-icon-opened\"><i class=\"fas fa-caret-up\"><\/i><\/span>\n\t\t\t\t\t\t\t\t\t\t\t\t\t\t\t\t\t\t\t\t\t\t<\/span>\n\t\t\t\t\t\t\t\t\t\t\t\t\t\t\t\t\t\t<a class=\"elementor-accordion-title\" href=\"\">Opis proizvoda<\/a>\n\t\t\t\t\t<\/h4>\n\t\t\t\t\t<div id=\"elementor-tab-content-4881\" class=\"elementor-tab-content elementor-clearfix deactive-default\" data-tab=\"1\" role=\"tabpanel\" aria-labelledby=\"elementor-tab-title-4881\"><ul><li><p><span style=\"font-family: Open Sans, sans-serif;\"><span style=\"font-size: small;\">Medij za uljane boje<\/span><\/span><\/p><\/li><li><p><span style=\"font-family: Open Sans, sans-serif;\"><span style=\"font-size: small;\">Pouzdan univerzalni polu-sjajni medij koji ubrzava su\u0161enje, pove\u010dava viskozitet te ujedna\u010dava poteze kista<\/span><\/span><\/p><\/li><li><p><span style=\"font-family: Open Sans, sans-serif;\"><span style=\"font-size: small;\">Skra\u0107uje vrijeme su\u0161enja konvencionalne uljane boje na pola (suho na dodir za 1-6 dana, ovisno o boji i debljini nanosa)<\/span><\/span><\/p><\/li><li><p><span style=\"font-family: Open Sans, sans-serif;\"><span style=\"font-size: small;\">Ne \u017euti<\/span><\/span><\/p><\/li><li><p><span style=\"font-family: Open Sans, sans-serif;\"><span style=\"font-size: small;\">Nije pogodan kao za\u0161titni lak<\/span><\/span><\/p><\/li><\/ul><\/div>\n\t\t\t\t<\/div>\n\t\t\t\t\t<\/div>\n\t\t\t\t<\/div>\n\t\t\t\t<\/div>\n\t\t\t\t\t<\/div>\n\t\t<\/div>\n\t\t\t\t\t\t\t<\/div>\n\t\t<\/section>\n\t\t\t\t\t\t\t<\/div>","protected":false},"excerpt":{"rendered":"<p>Opis proizvoda Medij za uljane boje Pouzdan univerzalni polu-sjajni medij koji ubrzava su\u0161enje, pove\u010dava viskozitet te ujedna\u010dava poteze kista Skra\u0107uje vrijeme su\u0161enja konvencionalne uljane boje na pola (suho na dodir za 1-6 dana, ovisno o boji i debljini nanosa) Ne \u017euti Nije pogodan kao za\u0161titni lak<\/p>","protected":false},"featured_media":40288,"comment_status":"open","ping_status":"closed","template":"","meta":[],"product_cat":[284,286],"product_tag":[],"_links":{"self":[{"href":"https:\/\/artzumbur.hr\/en\/wp-json\/wp\/v2\/product\/40386"}],"collection":[{"href":"https:\/\/artzumbur.hr\/en\/wp-json\/wp\/v2\/product"}],"about":[{"href":"https:\/\/artzumbur.hr\/en\/wp-json\/wp\/v2\/types\/product"}],"replies":[{"embeddable":true,"href":"https:\/\/artzumbur.hr\/en\/wp-json\/wp\/v2\/comments?post=40386"}],"version-history":[{"count":3,"href":"https:\/\/artzumbur.hr\/en\/wp-json\/wp\/v2\/product\/40386\/revisions"}],"predecessor-version":[{"id":40813,"href":"https:\/\/artzumbur.hr\/en\/wp-json\/wp\/v2\/product\/40386\/revisions\/40813"}],"wp:featuredmedia":[{"embeddable":true,"href":"https:\/\/artzumbur.hr\/en\/wp-json\/wp\/v2\/media\/40288"}],"wp:attachment":[{"href":"https:\/\/artzumbur.hr\/en\/wp-json\/wp\/v2\/media?parent=40386"}],"wp:term":[{"taxonomy":"product_cat","embeddable":true,"href":"https:\/\/artzumbur.hr\/en\/wp-json\/wp\/v2\/product_cat?post=40386"},{"taxonomy":"product_tag","embeddable":true,"href":"https:\/\/artzumbur.hr\/en\/wp-json\/wp\/v2\/product_tag?post=40386"}],"curies":[{"name":"wp","href":"https:\/\/api.w.org\/{rel}","templated":true}]}}