{"id":40990,"date":"2022-03-07T06:40:51","date_gmt":"2022-03-07T06:40:51","guid":{"rendered":"https:\/\/artzumbur.hr\/?post_type=product&#038;p=40990"},"modified":"2025-05-05T08:24:09","modified_gmt":"2025-05-05T08:24:09","slug":"wn-artisan-uljane-boje","status":"publish","type":"product","link":"https:\/\/artzumbur.hr\/en\/product\/wn-artisan-uljane-boje\/","title":{"rendered":"W&#038;N ARTISAN ULJANE BOJE"},"content":{"rendered":"<div data-elementor-type=\"product-post\" data-elementor-id=\"40990\" class=\"elementor elementor-40990\">\n\t\t\t\t\t\t\t\t\t<section class=\"elementor-section elementor-top-section elementor-element elementor-element-228559d3 elementor-section-boxed elementor-section-height-default elementor-section-height-default\" data-id=\"228559d3\" data-element_type=\"section\">\n\t\t\t\t\t\t<div class=\"elementor-container elementor-column-gap-default\">\n\t\t\t\t\t<div class=\"elementor-column elementor-col-100 elementor-top-column elementor-element elementor-element-64cc15b4\" data-id=\"64cc15b4\" data-element_type=\"column\">\n\t\t\t<div class=\"elementor-widget-wrap elementor-element-populated\">\n\t\t\t\t\t\t\t\t<div class=\"elementor-element elementor-element-57fbf185 elementor-widget elementor-widget-text-editor\" data-id=\"57fbf185\" data-element_type=\"widget\" data-widget_type=\"text-editor.default\">\n\t\t\t\t<div class=\"elementor-widget-container\">\n\t\t\t\t\t\t\t<p><span style=\"color: #000000;\"><span style=\"font-family: Open Sans, sans-serif;\"><span style=\"font-size: small;\">Artisan uljane boje su boje koje se mije\u0161aju sa vodom. Specijalno su razvijene da se izgledom i pri radu pona\u0161aju isto kao konvencionalne uljane boje.<\/span><\/span><\/span><\/p><p><span style=\"color: #000000;\"><span style=\"font-family: Open Sans, sans-serif;\"><span style=\"font-size: small;\">Klju\u010dna razlika izme\u0111u Artisan i obi\u010dnih ulja je mogu\u0107nost razrije\u0111ivanja i \u010di\u0161\u0107enja sa vodom. Opasna otapala nisu potrebna za Artisan ulja, te time umjetnici mogu u\u017eivati u sigurnijem slikarskom okru\u017eju, \u010dine\u0107i ih idealnim za umjetnike koji dijele radni prostor, \u0161kole ili slikanje u ku\u0107i\/stanu.<\/span><\/span><\/span><\/p><p><span style=\"color: #000000;\"><span style=\"font-family: Open Sans, sans-serif;\"><span style=\"font-size: small;\">Nema vode u formulaciji Artisan ulja. Laneno i ulje \u0161afranike, kao nosa\u010di, su modificirani da dopuste boji da prihvati vodu, stvaraju\u0107i stabilnu emulziju i zadr\u017eavaju\u0107i radne karakteristike konvencionalnog ulja.<\/span><\/span><\/span><\/p><p><span style=\"color: #000000;\"><span style=\"font-family: Open Sans, sans-serif;\"><span style=\"font-size: small;\">Artisan paleta se sastoji od 40 nijansi u 2 serije.<\/span><\/span><\/span><\/p>\t\t\t\t\t\t<\/div>\n\t\t\t\t<\/div>\n\t\t\t\t\t<\/div>\n\t\t<\/div>\n\t\t\t\t\t\t\t<\/div>\n\t\t<\/section>\n\t\t\t\t\t\t\t<\/div>","protected":false},"excerpt":{"rendered":"<p>Assertively visualize sticky initiatives through user friendly synergy. Distinctively revolutionize innovative partnerships and extensible e-markets. Intrinsicly transform.<\/p>","protected":false},"featured_media":41082,"comment_status":"open","ping_status":"closed","template":"","meta":[],"product_cat":[149,600],"product_tag":[],"_links":{"self":[{"href":"https:\/\/artzumbur.hr\/en\/wp-json\/wp\/v2\/product\/40990"}],"collection":[{"href":"https:\/\/artzumbur.hr\/en\/wp-json\/wp\/v2\/product"}],"about":[{"href":"https:\/\/artzumbur.hr\/en\/wp-json\/wp\/v2\/types\/product"}],"replies":[{"embeddable":true,"href":"https:\/\/artzumbur.hr\/en\/wp-json\/wp\/v2\/comments?post=40990"}],"version-history":[{"count":8,"href":"https:\/\/artzumbur.hr\/en\/wp-json\/wp\/v2\/product\/40990\/revisions"}],"predecessor-version":[{"id":42273,"href":"https:\/\/artzumbur.hr\/en\/wp-json\/wp\/v2\/product\/40990\/revisions\/42273"}],"wp:featuredmedia":[{"embeddable":true,"href":"https:\/\/artzumbur.hr\/en\/wp-json\/wp\/v2\/media\/41082"}],"wp:attachment":[{"href":"https:\/\/artzumbur.hr\/en\/wp-json\/wp\/v2\/media?parent=40990"}],"wp:term":[{"taxonomy":"product_cat","embeddable":true,"href":"https:\/\/artzumbur.hr\/en\/wp-json\/wp\/v2\/product_cat?post=40990"},{"taxonomy":"product_tag","embeddable":true,"href":"https:\/\/artzumbur.hr\/en\/wp-json\/wp\/v2\/product_tag?post=40990"}],"curies":[{"name":"wp","href":"https:\/\/api.w.org\/{rel}","templated":true}]}}