{"id":41089,"date":"2022-03-07T07:00:18","date_gmt":"2022-03-07T07:00:18","guid":{"rendered":"https:\/\/artzumbur.hr\/?post_type=product&#038;p=41089"},"modified":"2025-12-11T09:41:22","modified_gmt":"2025-12-11T09:41:22","slug":"wn-galeria-akrilne-boje","status":"publish","type":"product","link":"https:\/\/artzumbur.hr\/en\/product\/wn-galeria-akrilne-boje\/","title":{"rendered":"W&#038;N GALERIA AKRILNE BOJE"},"content":{"rendered":"<div data-elementor-type=\"product-post\" data-elementor-id=\"41089\" class=\"elementor elementor-41089\">\n\t\t\t\t\t\t\t\t\t<section class=\"elementor-section elementor-top-section elementor-element elementor-element-228559d3 elementor-section-boxed elementor-section-height-default elementor-section-height-default\" data-id=\"228559d3\" data-element_type=\"section\">\n\t\t\t\t\t\t<div class=\"elementor-container elementor-column-gap-default\">\n\t\t\t\t\t<div class=\"elementor-column elementor-col-100 elementor-top-column elementor-element elementor-element-64cc15b4\" data-id=\"64cc15b4\" data-element_type=\"column\">\n\t\t\t<div class=\"elementor-widget-wrap elementor-element-populated\">\n\t\t\t\t\t\t\t\t<div class=\"elementor-element elementor-element-57fbf185 elementor-widget elementor-widget-text-editor\" data-id=\"57fbf185\" data-element_type=\"widget\" data-widget_type=\"text-editor.default\">\n\t\t\t\t<div class=\"elementor-widget-container\">\n\t\t\t\t\t\t\t<p style=\"margin-bottom: 0cm\"><font face=\"Open Sans, sans-serif\"><font style=\"font-size: 10pt\">Galeria\nakrilik je visokokvalitetna akrilna boja koja posti\u017ee profesionalne\nrezultate, te je idealna za umjetnike koji \u017eele kvalitetnu boju po\npovoljnoj cijeni.<\/font><\/font><\/p><p>\n<\/p><p style=\"margin-bottom: 0cm\"><font face=\"Open Sans, sans-serif\"><font style=\"font-size: 10pt\">Svih\n60 nijansi nude \u0161irok spektar karakteristika pigmenata na odabir, uz\nveliku puno\u0107u boja, visoke nivoe pigmentiranosti i glatki satenski\nfini\u0161.<\/font><\/font><\/p>\t\t\t\t\t\t<\/div>\n\t\t\t\t<\/div>\n\t\t\t\t\t<\/div>\n\t\t<\/div>\n\t\t\t\t\t\t\t<\/div>\n\t\t<\/section>\n\t\t\t\t\t\t\t<\/div>","protected":false},"excerpt":{"rendered":"<p>Galeria akrilik je visokokvalitetna akrilna boja koja posti\u017ee profesionalne rezultate, te je idealna za umjetnike koji \u017eele kvalitetnu boju po povoljnoj cijeni. Svih 60 nijansi nude \u0161irok spektar karakteristika pigmenata na odabir, uz veliku puno\u0107u boja, visoke nivoe pigmentiranosti i glatki satenski fini\u0161.<\/p>","protected":false},"featured_media":41375,"comment_status":"open","ping_status":"closed","template":"","meta":[],"product_cat":[337],"product_tag":[],"_links":{"self":[{"href":"https:\/\/artzumbur.hr\/en\/wp-json\/wp\/v2\/product\/41089"}],"collection":[{"href":"https:\/\/artzumbur.hr\/en\/wp-json\/wp\/v2\/product"}],"about":[{"href":"https:\/\/artzumbur.hr\/en\/wp-json\/wp\/v2\/types\/product"}],"replies":[{"embeddable":true,"href":"https:\/\/artzumbur.hr\/en\/wp-json\/wp\/v2\/comments?post=41089"}],"version-history":[{"count":10,"href":"https:\/\/artzumbur.hr\/en\/wp-json\/wp\/v2\/product\/41089\/revisions"}],"predecessor-version":[{"id":41811,"href":"https:\/\/artzumbur.hr\/en\/wp-json\/wp\/v2\/product\/41089\/revisions\/41811"}],"wp:featuredmedia":[{"embeddable":true,"href":"https:\/\/artzumbur.hr\/en\/wp-json\/wp\/v2\/media\/41375"}],"wp:attachment":[{"href":"https:\/\/artzumbur.hr\/en\/wp-json\/wp\/v2\/media?parent=41089"}],"wp:term":[{"taxonomy":"product_cat","embeddable":true,"href":"https:\/\/artzumbur.hr\/en\/wp-json\/wp\/v2\/product_cat?post=41089"},{"taxonomy":"product_tag","embeddable":true,"href":"https:\/\/artzumbur.hr\/en\/wp-json\/wp\/v2\/product_tag?post=41089"}],"curies":[{"name":"wp","href":"https:\/\/api.w.org\/{rel}","templated":true}]}}