{"id":41376,"date":"2022-03-07T09:47:41","date_gmt":"2022-03-07T09:47:41","guid":{"rendered":"https:\/\/artzumbur.hr\/?post_type=product&#038;p=41376"},"modified":"2023-04-18T10:44:56","modified_gmt":"2023-04-18T10:44:56","slug":"wn-artist-uljane-boje","status":"publish","type":"product","link":"https:\/\/artzumbur.hr\/en\/product\/wn-artist-uljane-boje\/","title":{"rendered":"W&#038;N ARTIST ULJANE BOJE"},"content":{"rendered":"<div data-elementor-type=\"product-post\" data-elementor-id=\"41376\" class=\"elementor elementor-41376\">\n\t\t\t\t\t\t\t\t\t<section class=\"elementor-section elementor-top-section elementor-element elementor-element-228559d3 elementor-section-boxed elementor-section-height-default elementor-section-height-default\" data-id=\"228559d3\" data-element_type=\"section\">\n\t\t\t\t\t\t<div class=\"elementor-container elementor-column-gap-default\">\n\t\t\t\t\t<div class=\"elementor-column elementor-col-100 elementor-top-column elementor-element elementor-element-64cc15b4\" data-id=\"64cc15b4\" data-element_type=\"column\">\n\t\t\t<div class=\"elementor-widget-wrap elementor-element-populated\">\n\t\t\t\t\t\t\t\t<div class=\"elementor-element elementor-element-57fbf185 elementor-widget elementor-widget-text-editor\" data-id=\"57fbf185\" data-element_type=\"widget\" data-widget_type=\"text-editor.default\">\n\t\t\t\t<div class=\"elementor-widget-container\">\n\t\t\t\t\t\t\t<p style=\"margin-bottom: 0cm\"><font color=\"#000000\"><font face=\"Open Sans, sans-serif\"><font style=\"font-size: 10pt\">Artists&#8217;\nuljane boje svojom \u010disto\u0107om, kvalitetom i pouzdano\u0161\u0107u su bez\npremca, uspjeh koji se reflektira reputacijom me\u0111u profesionalnim\numjetnicima diljem svijeta. Postoji 120 nijansi, te time najve\u0107i\nspektar me\u0111u W&amp;N uljanim bojama.<\/font><\/font><\/font><\/p><p style=\"margin-bottom: 0cm\"><br>\n\n<\/p><p style=\"margin-bottom: 0cm\"><font color=\"#000000\"><font face=\"Open Sans, sans-serif\"><font style=\"font-size: 10pt\">Formulacija:<\/font><\/font><\/font><\/p><p style=\"margin-bottom: 0cm\"><font color=\"#000000\"><font face=\"Open Sans, sans-serif\"><font style=\"font-size: 10pt\">Svaka\nW&amp;N Artists&#8217; uljana boja individulano je formulirana za ja\u010danje\nprirodnih karakteristika pigmenta i stabilitet boje.<\/font><\/font><\/font><\/p><p style=\"margin-bottom: 0cm\"><font color=\"#000000\"><font face=\"Open Sans, sans-serif\"><font style=\"font-size: 10pt\">Jedinstvena\nindividulana svojstva svake boje dobivena su kroz praksu maksimalne\nkontrole kvalitete kroz svaku fazu proizvodnje, odabirom\nodgovaraju\u0107ih ulja i metode disperzije pigmenata.<\/font><\/font><\/font><\/p><p style=\"margin-bottom: 0cm\"><font color=\"#000000\"><font face=\"Open Sans, sans-serif\"><font style=\"font-size: 10pt\">Kombinirano\nsa 170 godina proizvodnje i stru\u010dnosti u kontroli kvalitete,\nformulacija Artists&#8217; uljanih boja garantira da su najbolji sirovi\nmaterijali kori\u0161teni u proizvodnji najfinijih svjetskih boja.<\/font><\/font><\/font><\/p><p style=\"margin-bottom: 0cm\"><br>\n\n<\/p><p style=\"margin-bottom: 0cm\"><font color=\"#000000\"><font face=\"Open Sans, sans-serif\"><font style=\"font-size: 10pt\">\u010cisto\u0107a\npigmenata:<\/font><\/font><\/font><\/p><p style=\"margin-bottom: 0cm\"><font color=\"#000000\"><font face=\"Open Sans, sans-serif\"><font style=\"font-size: 10pt\">Kao\nsvi sirovi materijali i pigmenti dolaze u raznim razredima kvalitete.\nU proizvodnji Artists&#8217; uljanih boja koriste se samo naj\u010di\u0161\u0107i\npigmenti time osiguravaju\u0107i pune, bogate nijanse od kojih se\nproizvode najbolje miksture boja.<\/font><\/font><\/font><\/p><p style=\"margin-bottom: 0cm\"><br>\n\n<\/p><p style=\"margin-bottom: 0cm\"><font color=\"#000000\"><font face=\"Open Sans, sans-serif\"><font style=\"font-size: 10pt\">Viskozitet\/Konzistencija:<\/font><\/font><\/font><\/p><p style=\"margin-bottom: 0cm\"><font color=\"#000000\"><font face=\"Open Sans, sans-serif\"><font style=\"font-size: 10pt\">Putrasta\nkonzistencija Artists&#8217; uljanih boja uz miris lanenog ulja dvije su\nkarakteristike kojima se dive slikari uljanim bojama.<\/font><\/font><\/font><\/p><p style=\"margin-bottom: 0cm\"><font color=\"#000000\"><font face=\"Open Sans, sans-serif\"><font style=\"font-size: 10pt\">Navedene\nkvalitete su bez konkurencije u ostalim medijima. \u010cvrsta\nkonzistencija W&amp;N boja omogu\u0107ava kori\u0161tenje kistom i \u0161patulom\nili se mogu razrijediti do najfinijih glazura.<\/font><\/font><\/font><\/p><p style=\"margin-bottom: 0cm\"><br>\n\n<\/p><p style=\"margin-bottom: 0cm\"><font color=\"#000000\"><font face=\"Open Sans, sans-serif\"><font style=\"font-size: 10pt\">Postojnost:<\/font><\/font><\/font><\/p><p style=\"margin-bottom: 0cm\"><font color=\"#000000\"><font face=\"Open Sans, sans-serif\"><font style=\"font-size: 10pt\">Od\n1832. W&amp;N razvija postojanije alternative za manje trajne\ntradicionalne boje bez kompromitiranja karakteristika uljane boje.\nKao rezultat postojanost cijele serije, boja je pobolj\u0161ana van\nsvakih snova slikara stare garde.<\/font><\/font><\/font><\/p><p>\n\n\n\n\n\n\n\n\n\n\n\n\n\n\n\n<\/p><p style=\"margin-bottom: 0cm\"><font color=\"#000000\"><font face=\"Open Sans, sans-serif\"><font style=\"font-size: 10pt\">Od\n120 nijansi u seriji, 119 se smatra &#8216;postojane, za umjetni\u010dku\nupotrebu (AA ili A ocjena Winsor&amp;Newtona), te produljuju\ntrajnosti slika.<\/font><\/font><\/font><\/p>\t\t\t\t\t\t<\/div>\n\t\t\t\t<\/div>\n\t\t\t\t\t<\/div>\n\t\t<\/div>\n\t\t\t\t\t\t\t<\/div>\n\t\t<\/section>\n\t\t\t\t\t\t\t<\/div>","protected":false},"excerpt":{"rendered":"<p>Assertively visualize sticky initiatives through user friendly synergy. Distinctively revolutionize innovative partnerships and extensible e-markets. Intrinsicly transform.<\/p>","protected":false},"featured_media":41679,"comment_status":"open","ping_status":"closed","template":"","meta":[],"product_cat":[149,599],"product_tag":[],"_links":{"self":[{"href":"https:\/\/artzumbur.hr\/en\/wp-json\/wp\/v2\/product\/41376"}],"collection":[{"href":"https:\/\/artzumbur.hr\/en\/wp-json\/wp\/v2\/product"}],"about":[{"href":"https:\/\/artzumbur.hr\/en\/wp-json\/wp\/v2\/types\/product"}],"replies":[{"embeddable":true,"href":"https:\/\/artzumbur.hr\/en\/wp-json\/wp\/v2\/comments?post=41376"}],"version-history":[{"count":12,"href":"https:\/\/artzumbur.hr\/en\/wp-json\/wp\/v2\/product\/41376\/revisions"}],"predecessor-version":[{"id":42268,"href":"https:\/\/artzumbur.hr\/en\/wp-json\/wp\/v2\/product\/41376\/revisions\/42268"}],"wp:featuredmedia":[{"embeddable":true,"href":"https:\/\/artzumbur.hr\/en\/wp-json\/wp\/v2\/media\/41679"}],"wp:attachment":[{"href":"https:\/\/artzumbur.hr\/en\/wp-json\/wp\/v2\/media?parent=41376"}],"wp:term":[{"taxonomy":"product_cat","embeddable":true,"href":"https:\/\/artzumbur.hr\/en\/wp-json\/wp\/v2\/product_cat?post=41376"},{"taxonomy":"product_tag","embeddable":true,"href":"https:\/\/artzumbur.hr\/en\/wp-json\/wp\/v2\/product_tag?post=41376"}],"curies":[{"name":"wp","href":"https:\/\/api.w.org\/{rel}","templated":true}]}}