{"id":41542,"date":"2022-03-07T17:43:17","date_gmt":"2022-03-07T17:43:17","guid":{"rendered":"https:\/\/artzumbur.hr\/?post_type=product&#038;p=41542"},"modified":"2025-05-13T09:50:01","modified_gmt":"2025-05-13T09:50:01","slug":"wn-gouache-gvas","status":"publish","type":"product","link":"https:\/\/artzumbur.hr\/en\/product\/wn-gouache-gvas\/","title":{"rendered":"W&#038;N GOUACHE \/GVA\u0160\/"},"content":{"rendered":"<div data-elementor-type=\"product-post\" data-elementor-id=\"41542\" class=\"elementor elementor-41542\">\n\t\t\t\t\t\t\t\t\t<section class=\"elementor-section elementor-top-section elementor-element elementor-element-228559d3 elementor-section-boxed elementor-section-height-default elementor-section-height-default\" data-id=\"228559d3\" data-element_type=\"section\">\n\t\t\t\t\t\t<div class=\"elementor-container elementor-column-gap-default\">\n\t\t\t\t\t<div class=\"elementor-column elementor-col-100 elementor-top-column elementor-element elementor-element-64cc15b4\" data-id=\"64cc15b4\" data-element_type=\"column\">\n\t\t\t<div class=\"elementor-widget-wrap elementor-element-populated\">\n\t\t\t\t\t\t\t\t<div class=\"elementor-element elementor-element-57fbf185 elementor-widget elementor-widget-text-editor\" data-id=\"57fbf185\" data-element_type=\"widget\" data-widget_type=\"text-editor.default\">\n\t\t\t\t<div class=\"elementor-widget-container\">\n\t\t\t\t\t\t\t<p><span style=\"font-family: Open Sans, sans-serif;\"><span style=\"font-size: small;\">Winsor&amp;Newton proizvode Designers gva\u0161 od 1935. i do danas nastavljaju nuditi najfniju seriju umjetni\u010dkog gva\u0161a dostupnu. <br><\/span><\/span><\/p><p><span style=\"font-family: Open Sans, sans-serif;\"><span style=\"font-size: small;\">Designers gva\u0161 je serija pokrivnih vodenih boja, najvi\u0161e kori\u0161tenih od strane dizajnera, ilustratora i komervcijalnih umijetnika pri stvaranju vibrantnih ilustracija pune boje.&nbsp;<\/span><\/span><\/p>\t\t\t\t\t\t<\/div>\n\t\t\t\t<\/div>\n\t\t\t\t\t<\/div>\n\t\t<\/div>\n\t\t\t\t\t\t\t<\/div>\n\t\t<\/section>\n\t\t\t\t\t\t\t<\/div>","protected":false},"excerpt":{"rendered":"<p><span style=\"font-family: Open Sans, sans-serif;\"><span style=\"font-size: small;\">Winsor&amp;Newton proizvode Designers gva\u0161 od 1935. i do danas nastavljaju nuditi najfniju dostupnu seriju umjetni\u010dkog gva\u0161a. Designers gva\u0161 je serija pokrivnih vodenih boja, najvi\u0161e kori\u0161tenih od strane dizajnera, ilustratora i komercijalnih umjetnika pri stvaranju vibrantnih ilustracija pune boje.<br \/>\n<\/span><\/span><\/p>","protected":false},"featured_media":41672,"comment_status":"open","ping_status":"closed","template":"","meta":[],"product_cat":[151,152],"product_tag":[],"_links":{"self":[{"href":"https:\/\/artzumbur.hr\/en\/wp-json\/wp\/v2\/product\/41542"}],"collection":[{"href":"https:\/\/artzumbur.hr\/en\/wp-json\/wp\/v2\/product"}],"about":[{"href":"https:\/\/artzumbur.hr\/en\/wp-json\/wp\/v2\/types\/product"}],"replies":[{"embeddable":true,"href":"https:\/\/artzumbur.hr\/en\/wp-json\/wp\/v2\/comments?post=41542"}],"version-history":[{"count":13,"href":"https:\/\/artzumbur.hr\/en\/wp-json\/wp\/v2\/product\/41542\/revisions"}],"predecessor-version":[{"id":42265,"href":"https:\/\/artzumbur.hr\/en\/wp-json\/wp\/v2\/product\/41542\/revisions\/42265"}],"wp:featuredmedia":[{"embeddable":true,"href":"https:\/\/artzumbur.hr\/en\/wp-json\/wp\/v2\/media\/41672"}],"wp:attachment":[{"href":"https:\/\/artzumbur.hr\/en\/wp-json\/wp\/v2\/media?parent=41542"}],"wp:term":[{"taxonomy":"product_cat","embeddable":true,"href":"https:\/\/artzumbur.hr\/en\/wp-json\/wp\/v2\/product_cat?post=41542"},{"taxonomy":"product_tag","embeddable":true,"href":"https:\/\/artzumbur.hr\/en\/wp-json\/wp\/v2\/product_tag?post=41542"}],"curies":[{"name":"wp","href":"https:\/\/api.w.org\/{rel}","templated":true}]}}