{"id":42063,"date":"2022-09-16T12:42:24","date_gmt":"2022-09-16T12:42:24","guid":{"rendered":"https:\/\/artzumbur.hr\/?post_type=product&#038;p=42063"},"modified":"2025-05-05T08:36:04","modified_gmt":"2025-05-05T08:36:04","slug":"short-handle-sable-round-brush-wn-series-7-miniature-kolinsky","status":"publish","type":"product","link":"https:\/\/artzumbur.hr\/en\/product\/short-handle-sable-round-brush-wn-series-7-miniature-kolinsky\/","title":{"rendered":"Short handle sable round brush &#8211; W&#038;N SERIES 7 MINIATURE  KOLINSKY"},"content":{"rendered":"<div data-elementor-type=\"product-post\" data-elementor-id=\"42063\" class=\"elementor elementor-42063\">\n\t\t\t\t\t\t\t\t\t<section class=\"elementor-section elementor-top-section elementor-element elementor-element-3f5fb34 elementor-section-boxed elementor-section-height-default elementor-section-height-default\" data-id=\"3f5fb34\" data-element_type=\"section\">\n\t\t\t\t\t\t<div class=\"elementor-container elementor-column-gap-default\">\n\t\t\t\t\t<div class=\"elementor-column elementor-col-100 elementor-top-column elementor-element elementor-element-70b7ec0\" data-id=\"70b7ec0\" data-element_type=\"column\">\n\t\t\t<div class=\"elementor-widget-wrap elementor-element-populated\">\n\t\t\t\t\t\t\t\t<div class=\"elementor-element elementor-element-1ce1973 elementor-widget elementor-widget-text-editor\" data-id=\"1ce1973\" data-element_type=\"widget\" data-widget_type=\"text-editor.default\">\n\t\t\t\t<div class=\"elementor-widget-container\">\n\t\t\t\t\t\t\t<pre class=\"western\"><span lang=\"hr-HR\">Akvarelni kist <\/span><span lang=\"hr-HR\">serije 7 minijatura Kolinsky Sable\n<\/span><\/pre><pre class=\"western\">Kist okruglog vrha koji se vra\u0107a u oblik tijekom upotrebe, s pravim\nstupnjem savitljivosti kako bi se omogu\u0107ila vrhunska kontrola izme\u0111u\nkista i povr\u0161ine.<\/pre><pre class=\"western\">Svaki kist ru\u010dno je izradio majstor s vi\u0161e od 10 godina iskustva od visokokvalitetne kunine\n(samurovine) dlake, dr\u0161kama od brezovog drveta i be\u0161avnim\nprstenovima od nikla.<\/pre><pre class=\"western\"><span lang=\"hr-HR\">Kistom posti\u017eete v<\/span><span lang=\"hr-HR\">rhunsk<\/span><span lang=\"hr-HR\">u <\/span><span lang=\"hr-HR\">kontrol<\/span><span lang=\"hr-HR\">u<\/span><span lang=\"hr-HR\"> i protok boja. Boja ravnomjerno i dosljedno te\u010de od to\u010dke, s dovoljnom\nnosivo\u0161\u0107u boje da omogu\u0107i <\/span><span lang=\"hr-HR\">jednake\nduga\u010dke<\/span><span lang=\"hr-HR\"> poteze.<\/span><\/pre><p><\/p>\t\t\t\t\t\t<\/div>\n\t\t\t\t<\/div>\n\t\t\t\t\t<\/div>\n\t\t<\/div>\n\t\t\t\t\t\t\t<\/div>\n\t\t<\/section>\n\t\t\t\t\t\t\t<\/div>","protected":false},"excerpt":{"rendered":"<pre class=\"western\"><span lang=\"hr-HR\">Akvarelni kist <\/span><span lang=\"hr-HR\">serije 7 minijatura Kolinsky Sable\r\n<\/span><\/pre>\n<pre class=\"western\">Kist okruglog vrha koji se vra\u0107a u oblik tijekom upotrebe, s pravim\r\nstupnjem savitljivosti kako bi se omogu\u0107ila vrhunska kontrola izme\u0111u\r\nkista i povr\u0161ine.<\/pre>\n<pre class=\"western\">Svaki kist ru\u010dno je izradio majstor s vi\u0161e od 10 godina iskustva od visokokvalitetne kunine\r\n(samurovine) dlake, dr\u0161kama od brezovog drveta i be\u0161avnim\r\nprstenovima od nikla.<\/pre>\n<pre class=\"western\"><span lang=\"hr-HR\">Kistom posti\u017eete v<\/span><span lang=\"hr-HR\">rhunsk<\/span><span lang=\"hr-HR\">u <\/span><span lang=\"hr-HR\">kontrol<\/span><span lang=\"hr-HR\">u<\/span><span lang=\"hr-HR\"> i protok boja. Boja ravnomjerno i dosljedno te\u010de od to\u010dke, s dovoljnom\r\nnosivo\u0161\u0107u boje da omogu\u0107i <\/span><span lang=\"hr-HR\">jednake\r\nduga\u010dke<\/span><span lang=\"hr-HR\"> poteze.<\/span><\/pre>\n<pre class=\"western\"><span lang=\"hr-HR\">\u00a0<\/span><\/pre>","protected":false},"featured_media":40030,"comment_status":"open","ping_status":"closed","template":"","meta":[],"product_cat":[222,223],"product_tag":[289],"_links":{"self":[{"href":"https:\/\/artzumbur.hr\/en\/wp-json\/wp\/v2\/product\/42063"}],"collection":[{"href":"https:\/\/artzumbur.hr\/en\/wp-json\/wp\/v2\/product"}],"about":[{"href":"https:\/\/artzumbur.hr\/en\/wp-json\/wp\/v2\/types\/product"}],"replies":[{"embeddable":true,"href":"https:\/\/artzumbur.hr\/en\/wp-json\/wp\/v2\/comments?post=42063"}],"version-history":[{"count":8,"href":"https:\/\/artzumbur.hr\/en\/wp-json\/wp\/v2\/product\/42063\/revisions"}],"predecessor-version":[{"id":42917,"href":"https:\/\/artzumbur.hr\/en\/wp-json\/wp\/v2\/product\/42063\/revisions\/42917"}],"wp:featuredmedia":[{"embeddable":true,"href":"https:\/\/artzumbur.hr\/en\/wp-json\/wp\/v2\/media\/40030"}],"wp:attachment":[{"href":"https:\/\/artzumbur.hr\/en\/wp-json\/wp\/v2\/media?parent=42063"}],"wp:term":[{"taxonomy":"product_cat","embeddable":true,"href":"https:\/\/artzumbur.hr\/en\/wp-json\/wp\/v2\/product_cat?post=42063"},{"taxonomy":"product_tag","embeddable":true,"href":"https:\/\/artzumbur.hr\/en\/wp-json\/wp\/v2\/product_tag?post=42063"}],"curies":[{"name":"wp","href":"https:\/\/api.w.org\/{rel}","templated":true}]}}