{"id":42399,"date":"2023-05-13T10:20:05","date_gmt":"2023-05-13T10:20:05","guid":{"rendered":"https:\/\/artzumbur.hr\/?post_type=product&#038;p=42399"},"modified":"2025-04-10T11:55:17","modified_gmt":"2025-04-10T11:55:17","slug":"akvarel-wn-cotman-water-colors","status":"publish","type":"product","link":"https:\/\/artzumbur.hr\/en\/product\/akvarel-wn-cotman-water-colors\/","title":{"rendered":"AKVAREL W&#038;N COTMAN water colors"},"content":{"rendered":"<div data-elementor-type=\"product-post\" data-elementor-id=\"42399\" class=\"elementor elementor-42399\">\n\t\t\t\t\t\t\t\t\t<section class=\"elementor-section elementor-top-section elementor-element elementor-element-228559d3 elementor-section-boxed elementor-section-height-default elementor-section-height-default\" data-id=\"228559d3\" data-element_type=\"section\">\n\t\t\t\t\t\t<div class=\"elementor-container elementor-column-gap-default\">\n\t\t\t\t\t<div class=\"elementor-column elementor-col-100 elementor-top-column elementor-element elementor-element-64cc15b4\" data-id=\"64cc15b4\" data-element_type=\"column\">\n\t\t\t<div class=\"elementor-widget-wrap elementor-element-populated\">\n\t\t\t\t\t\t\t\t<div class=\"elementor-element elementor-element-57fbf185 elementor-widget elementor-widget-text-editor\" data-id=\"57fbf185\" data-element_type=\"widget\" data-widget_type=\"text-editor.default\">\n\t\t\t\t<div class=\"elementor-widget-container\">\n\t\t\t\t\t\t\t<p style=\"margin-bottom: 0cm;\"><span style=\"color: #000000;\"><span style=\"font-family: Open Sans, sans-serif;\"><span style=\"font-size: 10pt;\">Winton je tradicionalna paleta uljanih boja napravljena od pigmenata umjerene cijene, formulirana za studente i umjetnike amatere, te umjetnike koji tra\u017ee ve\u0107u koli\u010dinu boje unutar umjerenog<br>cijenovnog raspona.&nbsp;<\/span><\/span><\/span><\/p><p style=\"margin-bottom: 0cm;\"><span style=\"font-size: 10pt; font-family: &quot;Open Sans&quot;, sans-serif; color: rgb(0, 0, 0); letter-spacing: var(--the7-base-letter-spacing); text-transform: var(--the7-base-text-transform); word-spacing: normal;\">Primjena tradicionalnih vje\u0161tina i modernih kemijskih tehnika rezultirali su paletom od 47 pa\u017eljivo biranih Winton uljanih boja koje su izvrsne kvalitete.<\/span><\/p>\t\t\t\t\t\t<\/div>\n\t\t\t\t<\/div>\n\t\t\t\t\t<\/div>\n\t\t<\/div>\n\t\t\t\t\t\t\t<\/div>\n\t\t<\/section>\n\t\t\t\t\t\t\t<\/div>","protected":false},"excerpt":{"rendered":"<p>Assertively visualize sticky initiatives through user friendly synergy. Distinctively revolutionize innovative partnerships and extensible e-markets. Intrinsicly transform.<\/p>","protected":false},"featured_media":42581,"comment_status":"open","ping_status":"closed","template":"","meta":[],"product_cat":[150],"product_tag":[],"_links":{"self":[{"href":"https:\/\/artzumbur.hr\/en\/wp-json\/wp\/v2\/product\/42399"}],"collection":[{"href":"https:\/\/artzumbur.hr\/en\/wp-json\/wp\/v2\/product"}],"about":[{"href":"https:\/\/artzumbur.hr\/en\/wp-json\/wp\/v2\/types\/product"}],"replies":[{"embeddable":true,"href":"https:\/\/artzumbur.hr\/en\/wp-json\/wp\/v2\/comments?post=42399"}],"version-history":[{"count":2,"href":"https:\/\/artzumbur.hr\/en\/wp-json\/wp\/v2\/product\/42399\/revisions"}],"predecessor-version":[{"id":42784,"href":"https:\/\/artzumbur.hr\/en\/wp-json\/wp\/v2\/product\/42399\/revisions\/42784"}],"wp:featuredmedia":[{"embeddable":true,"href":"https:\/\/artzumbur.hr\/en\/wp-json\/wp\/v2\/media\/42581"}],"wp:attachment":[{"href":"https:\/\/artzumbur.hr\/en\/wp-json\/wp\/v2\/media?parent=42399"}],"wp:term":[{"taxonomy":"product_cat","embeddable":true,"href":"https:\/\/artzumbur.hr\/en\/wp-json\/wp\/v2\/product_cat?post=42399"},{"taxonomy":"product_tag","embeddable":true,"href":"https:\/\/artzumbur.hr\/en\/wp-json\/wp\/v2\/product_tag?post=42399"}],"curies":[{"name":"wp","href":"https:\/\/api.w.org\/{rel}","templated":true}]}}